{"id":1911,"date":"2024-10-08T11:02:54","date_gmt":"2024-10-08T08:02:54","guid":{"rendered":"https:\/\/azur-tek.md\/?page_id=1911"},"modified":"2024-10-08T11:02:54","modified_gmt":"2024-10-08T08:02:54","slug":"shop-mobil","status":"publish","type":"page","link":"https:\/\/azur-tek.md\/ro\/shop-mobil\/","title":{"rendered":"Shop-Mobil"},"content":{"rendered":"\n<div class=\"woocommerce columns-4\"><ul class=\"products columns-4 kenta-products\">\n<li class=\"product-category product first\">\n\t<a aria-label=\"Mergi la categoria de produse Ceasuri de perete\" href=\"https:\/\/azur-tek.md\/ro\/product-category\/clock\/\"><img decoding=\"async\" src=\"https:\/\/azur-tek.md\/wp-content\/uploads\/2024\/08\/dir-clock.png\" alt=\"Ceasuri de perete\" width=\"300\" height=\"\" srcset=\"https:\/\/azur-tek.md\/wp-content\/uploads\/2024\/08\/dir-clock.png 280w, https:\/\/azur-tek.md\/wp-content\/uploads\/2024\/08\/dir-clock-100x100.png 100w, https:\/\/azur-tek.md\/wp-content\/uploads\/2024\/08\/dir-clock-150x150.png 150w, https:\/\/azur-tek.md\/wp-content\/uploads\/2024\/08\/dir-clock-32x32.png 32w\" sizes=\"(max-width: 280px) 100vw, 280px\" \/>\t\t<h2 class=\"woocommerce-loop-category__title\">\n\t\t\tCeasuri de perete\t\t<\/h2>\n\t\t<\/a><\/li>\n<li class=\"product-category product\">\n\t<a aria-label=\"Mergi la categoria de produse Decor\" href=\"https:\/\/azur-tek.md\/ro\/product-category\/decor\/\"><img decoding=\"async\" src=\"https:\/\/azur-tek.md\/wp-content\/uploads\/2024\/08\/dir-decor-1.png\" alt=\"Decor\" width=\"300\" height=\"\" srcset=\"https:\/\/azur-tek.md\/wp-content\/uploads\/2024\/08\/dir-decor-1.png 280w, https:\/\/azur-tek.md\/wp-content\/uploads\/2024\/08\/dir-decor-1-100x100.png 100w, https:\/\/azur-tek.md\/wp-content\/uploads\/2024\/08\/dir-decor-1-150x150.png 150w, https:\/\/azur-tek.md\/wp-content\/uploads\/2024\/08\/dir-decor-1-32x32.png 32w\" sizes=\"(max-width: 280px) 100vw, 280px\" \/>\t\t<h2 class=\"woocommerce-loop-category__title\">\n\t\t\tDecor\t\t<\/h2>\n\t\t<\/a><\/li>\n<li class=\"product-category product\">\n\t<a aria-label=\"Mergi la categoria de produse Diverse\" href=\"https:\/\/azur-tek.md\/ro\/product-category\/other\/\"><img decoding=\"async\" src=\"https:\/\/azur-tek.md\/wp-content\/uploads\/2024\/07\/dir-phon-stand.png\" alt=\"Diverse\" width=\"300\" height=\"\" srcset=\"https:\/\/azur-tek.md\/wp-content\/uploads\/2024\/07\/dir-phon-stand.png 280w, https:\/\/azur-tek.md\/wp-content\/uploads\/2024\/07\/dir-phon-stand-100x100.png 100w, https:\/\/azur-tek.md\/wp-content\/uploads\/2024\/07\/dir-phon-stand-150x150.png 150w, https:\/\/azur-tek.md\/wp-content\/uploads\/2024\/07\/dir-phon-stand-32x32.png 32w\" sizes=\"(max-width: 280px) 100vw, 280px\" \/>\t\t<h2 class=\"woocommerce-loop-category__title\">\n\t\t\tDiverse\t\t<\/h2>\n\t\t<\/a><\/li>\n<li class=\"product-category product last\">\n\t<a aria-label=\"Mergi la categoria de produse Juc\u0103rii\" href=\"https:\/\/azur-tek.md\/ro\/product-category\/toys\/\"><img decoding=\"async\" src=\"https:\/\/azur-tek.md\/wp-content\/uploads\/2024\/08\/dir-toys2.png\" alt=\"Juc\u0103rii\" width=\"300\" height=\"\" srcset=\"https:\/\/azur-tek.md\/wp-content\/uploads\/2024\/08\/dir-toys2.png 280w, https:\/\/azur-tek.md\/wp-content\/uploads\/2024\/08\/dir-toys2-100x100.png 100w, https:\/\/azur-tek.md\/wp-content\/uploads\/2024\/08\/dir-toys2-150x150.png 150w, https:\/\/azur-tek.md\/wp-content\/uploads\/2024\/08\/dir-toys2-32x32.png 32w\" sizes=\"(max-width: 280px) 100vw, 280px\" \/>\t\t<h2 class=\"woocommerce-loop-category__title\">\n\t\t\tJuc\u0103rii\t\t<\/h2>\n\t\t<\/a><\/li>\n<li class=\"product-category product first\">\n\t<a aria-label=\"Mergi la categoria de produse L\u0103mpi\" href=\"https:\/\/azur-tek.md\/ro\/product-category\/lamps\/\"><img decoding=\"async\" src=\"https:\/\/azur-tek.md\/wp-content\/uploads\/2024\/08\/dir-lamp.png\" alt=\"L\u0103mpi\" width=\"300\" height=\"\" srcset=\"https:\/\/azur-tek.md\/wp-content\/uploads\/2024\/08\/dir-lamp.png 280w, https:\/\/azur-tek.md\/wp-content\/uploads\/2024\/08\/dir-lamp-100x100.png 100w, https:\/\/azur-tek.md\/wp-content\/uploads\/2024\/08\/dir-lamp-150x150.png 150w, https:\/\/azur-tek.md\/wp-content\/uploads\/2024\/08\/dir-lamp-32x32.png 32w\" sizes=\"(max-width: 280px) 100vw, 280px\" \/>\t\t<h2 class=\"woocommerce-loop-category__title\">\n\t\t\tL\u0103mpi\t\t<\/h2>\n\t\t<\/a><\/li>\n<li class=\"product-category product\">\n\t<a aria-label=\"Mergi la categoria de produse Mobilier\" href=\"https:\/\/azur-tek.md\/ro\/product-category\/furniture\/\"><img decoding=\"async\" src=\"https:\/\/azur-tek.md\/wp-content\/uploads\/2024\/08\/dir-furniture.png\" alt=\"Mobilier\" width=\"300\" height=\"\" srcset=\"https:\/\/azur-tek.md\/wp-content\/uploads\/2024\/08\/dir-furniture.png 280w, https:\/\/azur-tek.md\/wp-content\/uploads\/2024\/08\/dir-furniture-100x100.png 100w, https:\/\/azur-tek.md\/wp-content\/uploads\/2024\/08\/dir-furniture-150x150.png 150w, https:\/\/azur-tek.md\/wp-content\/uploads\/2024\/08\/dir-furniture-32x32.png 32w\" sizes=\"(max-width: 280px) 100vw, 280px\" \/>\t\t<h2 class=\"woocommerce-loop-category__title\">\n\t\t\tMobilier\t\t<\/h2>\n\t\t<\/a><\/li>\n<li class=\"product-category product\">\n\t<a aria-label=\"Mergi la categoria de produse Pendative\" href=\"https:\/\/azur-tek.md\/ro\/product-category\/pandativ\/\"><img decoding=\"async\" src=\"https:\/\/azur-tek.md\/wp-content\/uploads\/2024\/08\/dir-pendant.png\" alt=\"Pendative\" width=\"300\" height=\"\" srcset=\"https:\/\/azur-tek.md\/wp-content\/uploads\/2024\/08\/dir-pendant.png 280w, https:\/\/azur-tek.md\/wp-content\/uploads\/2024\/08\/dir-pendant-150x150.png 150w, https:\/\/azur-tek.md\/wp-content\/uploads\/2024\/08\/dir-pendant-32x32.png 32w, https:\/\/azur-tek.md\/wp-content\/uploads\/2024\/08\/dir-pendant-100x100.png 100w\" sizes=\"(max-width: 280px) 100vw, 280px\" \/>\t\t<h2 class=\"woocommerce-loop-category__title\">\n\t\t\tPendative\t\t<\/h2>\n\t\t<\/a><\/li>\n<li class=\"product-category product last\">\n\t<a aria-label=\"Mergi la categoria de produse Sc\u00e2nduri pentru buc\u0103t\u0103rie\" href=\"https:\/\/azur-tek.md\/ro\/product-category\/table\/\"><img decoding=\"async\" src=\"https:\/\/azur-tek.md\/wp-content\/uploads\/2024\/07\/dir-kitchen-board.png\" alt=\"Sc\u00e2nduri pentru buc\u0103t\u0103rie\" width=\"300\" height=\"\" srcset=\"https:\/\/azur-tek.md\/wp-content\/uploads\/2024\/07\/dir-kitchen-board.png 280w, https:\/\/azur-tek.md\/wp-content\/uploads\/2024\/07\/dir-kitchen-board-100x100.png 100w, https:\/\/azur-tek.md\/wp-content\/uploads\/2024\/07\/dir-kitchen-board-150x150.png 150w, https:\/\/azur-tek.md\/wp-content\/uploads\/2024\/07\/dir-kitchen-board-32x32.png 32w\" sizes=\"(max-width: 280px) 100vw, 280px\" \/>\t\t<h2 class=\"woocommerce-loop-category__title\">\n\t\t\tSc\u00e2nduri pentru buc\u0103t\u0103rie\t\t<\/h2>\n\t\t<\/a><\/li>\n<li class=\"product-category product first\">\n\t<a aria-label=\"Mergi la categoria de produse SPORT\" href=\"https:\/\/azur-tek.md\/ro\/product-category\/sport\/\"><img decoding=\"async\" src=\"https:\/\/azur-tek.md\/wp-content\/uploads\/2024\/07\/dir-sport.png\" alt=\"SPORT\" width=\"300\" height=\"\" srcset=\"https:\/\/azur-tek.md\/wp-content\/uploads\/2024\/07\/dir-sport.png 280w, https:\/\/azur-tek.md\/wp-content\/uploads\/2024\/07\/dir-sport-100x100.png 100w, https:\/\/azur-tek.md\/wp-content\/uploads\/2024\/07\/dir-sport-150x150.png 150w, https:\/\/azur-tek.md\/wp-content\/uploads\/2024\/07\/dir-sport-32x32.png 32w\" sizes=\"(max-width: 280px) 100vw, 280px\" \/>\t\t<h2 class=\"woocommerce-loop-category__title\">\n\t\t\tSPORT\t\t<\/h2>\n\t\t<\/a><\/li>\n<\/ul>\n<\/div>\n","protected":false},"excerpt":{"rendered":"","protected":false},"author":2,"featured_media":0,"parent":0,"menu_order":0,"comment_status":"closed","ping_status":"closed","template":"","meta":{"om_disable_all_campaigns":false,"_monsterinsights_skip_tracking":false,"_monsterinsights_sitenote_active":false,"_monsterinsights_sitenote_note":"","_monsterinsights_sitenote_category":0,"site-container-style":"default","site-container-layout":"default","site-sidebar-layout":"default","site-transparent-header":"default","disable-article-header":"default","disable-site-header":"default","disable-site-footer":"default","disable-content-area-spacing":"default","footnotes":""},"class_list":["post-1911","page","type-page","status-publish","hentry"],"aioseo_notices":[],"_links":{"self":[{"href":"https:\/\/azur-tek.md\/ro\/wp-json\/wp\/v2\/pages\/1911","targetHints":{"allow":["GET"]}}],"collection":[{"href":"https:\/\/azur-tek.md\/ro\/wp-json\/wp\/v2\/pages"}],"about":[{"href":"https:\/\/azur-tek.md\/ro\/wp-json\/wp\/v2\/types\/page"}],"author":[{"embeddable":true,"href":"https:\/\/azur-tek.md\/ro\/wp-json\/wp\/v2\/users\/2"}],"replies":[{"embeddable":true,"href":"https:\/\/azur-tek.md\/ro\/wp-json\/wp\/v2\/comments?post=1911"}],"version-history":[{"count":1,"href":"https:\/\/azur-tek.md\/ro\/wp-json\/wp\/v2\/pages\/1911\/revisions"}],"predecessor-version":[{"id":1912,"href":"https:\/\/azur-tek.md\/ro\/wp-json\/wp\/v2\/pages\/1911\/revisions\/1912"}],"wp:attachment":[{"href":"https:\/\/azur-tek.md\/ro\/wp-json\/wp\/v2\/media?parent=1911"}],"curies":[{"name":"wp","href":"https:\/\/api.w.org\/{rel}","templated":true}]}}