{"id":534,"date":"2024-07-23T14:13:41","date_gmt":"2024-07-23T11:13:41","guid":{"rendered":"https:\/\/azur-tek.md\/?page_id=534"},"modified":"2024-11-06T21:20:01","modified_gmt":"2024-11-06T19:20:01","slug":"police","status":"publish","type":"page","link":"https:\/\/azur-tek.md\/ro\/police\/","title":{"rendered":"Politica de confiden\u021bialitate"},"content":{"rendered":"\n<p>Compania &#8222;Azur-art&#8221; SRL&nbsp;care ac\u0163ioneaz\u0103 \u00een baza Statutului cu sediu&nbsp; \u00een&nbsp;&nbsp;mun. Chisinau, str.Miorita,5\/3, ap.27, c\/f&nbsp; 1010600020570, IBAN: MD13EX0000000225105761MD, Cod TVA: 0208321 \u00eenscris\u0103 \u00een Registrul de Antreprenori din Registrul Na\u021bional, operatorul magazinului on-line www.azur-tek.md&#8221;, declar\u0103 c\u0103 toate datele cu caracter personal, colectate prin intermediul site-ului www.azur-tek.md,&nbsp;sunt prelucrate \u00een conformitate cu legisla\u021bia \u00een domeniu.&nbsp;<\/p>\n\n\n\n<p>V\u00e2nz\u0103torul, &#8222;Azur-art&#8221; SRL, se angajeaz\u0103 s\u0103 nu dezv\u0103luie \u0219i s\u0103 v\u00eend\u0103 bazele de date care con\u021bin informa\u021bii cu privire la datele dvs. cu caracter personal, cu excep\u021bia cererilor din partea autorit\u0103\u021bilor competente.<\/p>\n\n\n\n<p>2. Adresa de e-mail necesar\u0103 pentru ca clien\u021bii s\u0103-\u0219i acceseze contul creat pe site-ul www.azur-tek.md \u0219i s\u0103 schimbe datele de facturare \/ livrare.<\/p>\n\n\n\n<p>3. Adresa de e-mail, nume \u0219i prenume folosite \u00een scopuri de marketing, pentru expedierea ofertelor pe e-mail \u0219i a &nbsp;nout\u0103\u021bilor informative pentru clien\u021bii care au ales s\u0103 se aboneze la newsletter.<br>&nbsp;4. Toate datele cu caracter personal din e-mailul de confirmare \/ formularul de garan\u021bie \/ formularul de retur (respectiv, adresa de e-mail, numele, prenumele, datele de facturare \/ adresa de livrare) sunt stocate pentru a lua eventual leg\u0103tura cu clientul pentru a rezolva anumite situa\u021bii cu privire la returnare, garan\u021bii etc.<\/p>\n\n\n\n<p>5. Clien\u021bii care doresc s\u0103 fac\u0103 o achizi\u021bie \u00een credit, dau acordul s\u0103 fie transferate \u0219i prelucrate datele personale c\u0103tre organiza\u021biile de microfinan\u021bare cu care &#8222;Azur-art&#8221; S.R.L are acorduri de cooperare pentru ob\u021binerea unui \u00eemprumut.<\/p>\n\n\n\n<p>6. Folosind o solu\u021bie integrat\u0103, clientul poate alege plata online pentru comand\u0103. Toate tipurile de carduri emise de b\u0103ncile din Republica Moldova \u0219i str\u0103ine sub siglele Visa \u0219i MasterCard sunt acceptate, cu condi\u021bia c\u0103 sunt activate pentru pl\u0103\u021bile online de b\u0103ncile emitente.<\/p>\n\n\n\n<p>&#8222;Azur-art&#8221; S.R.L. , sub nici o form\u0103 nu stocheaz\u0103 informa\u021bii despre cardul bancar al clientului, ea este procesat\u0103 direct pe serverele furnizorului de servicii de plat\u0103 online. Excep\u021bie fiind situa\u021bia c\u00eend ne furniza\u021bi detaliile contului dvs. bancar pentru o rambursare \u00een cazul return\u0103rii unui produs, numai \u00een acest caz colect\u0103m \u0219i prelucr\u0103m aceste date.<\/p>\n\n\n\n<p>7. C\u00e2nd utiliza\u021bi cookie-uri, vor fi colectate urm\u0103toarele date:<\/p>\n\n\n\n<ul class=\"wp-block-list\">\n<li>Adresa IP al utilizatorului;<\/li>\n\n\n\n<li>data \u0219i ora de intrare;<\/li>\n\n\n\n<li>titlul paginii;<\/li>\n\n\n\n<li>ID-ul sesiunii;<\/li>\n\n\n\n<li>URL-ul de referin\u021b\u0103 (de la care a\u021bi accesat pagina noastr\u0103 web);<\/li>\n\n\n\n<li>cantitatea de date transferate;<\/li>\n\n\n\n<li>tipul browserului;<\/li>\n\n\n\n<li>sistemul de operare;<\/li>\n<\/ul>\n\n\n\n<p>\u00cen conformitate cu legea nr. 133 \/ 08.07.2011 privind protec\u021bia datelor cu caracter personal, &#8222;Azur-art&#8221; S.R.L. garanteaz\u0103 protec\u021bia maxim\u0103 a datelor cu caracter personal ale cump\u0103r\u0103torilor \u00eempotriva distrugerii, modific\u0103rii, bloc\u0103rii, copierii, distribu\u021biei, precum \u0219i a altor ac\u021biuni ilegale care ar putea pune \u00een pericol drepturile cump\u0103r\u0103torului.<\/p>\n\n\n\n<p>Astfel, &#8222;Azur-art&#8221; S.R.L. prelucreaz\u0103 datele numai \u00een scopurile specificate.<\/p>\n\n\n\n<p>Cump\u0103r\u0103torii benificiaz\u0103 de drepturile prev\u0103zute \u00een legea nr. 133 \/ 08.07.2011 privind protec\u021bia datelor cu caracter personal: dreptul la informa\u021bie, accesul la date, dreptul de a interveni, dreptul de a interveni , dreptul de a merge \u00een instan\u021b\u0103 \u00een cazul \u00eenc\u0103lc\u0103rii drepturilor sale.<\/p>\n\n\n\n<p>Cump\u0103r\u0103torul are dreptul s\u0103 solicite \u0219tergerea complet\u0103 sau par\u021bial\u0103 a datelor cu caracter personal, precum \u0219i a contului de utilizator. Clientul \u00ee\u0219i poate exercita oricare dintre drepturile de mai sus prin trimiterea unei cereri scrise la adresa proprietarului: Chi\u0219in\u0103u, str. V. Pietrariolor 2\/1<\/p>\n\n\n\n<p><strong>M\u0103suri de securitate pentru protejarea datelor cu caracter personal:<\/strong><\/p>\n\n\n\n<p>1. Prezen\u021ba unei clauze de confiden\u021bialitate \u00een contractul angaja\u021bilor autoriza\u021bi s\u0103 prelucreze datele cu caracter personal.<br>2. Prelucrarea datelor cu caracter personal se realizeaz\u0103 automat, \u00een conformitate cu cerin\u021bele legii \u0219i \u00een condi\u021bii care asigur\u0103 securitatea, confiden\u021bialitatea \u0219i respectarea drepturilor persoanelor vizate.<br>3. Certificatul de securitate este instalat pe serverul pe care sunt colectate datele personale.<br>4. Afi\u0219area politicii de confiden\u021bialitate pe site-ul companiei: www.azur-tek.md<br>5. Accesul la baza de date \u00een care sunt stocate datele personale se realizeaz\u0103 numai de c\u0103tre angaja\u021bii &#8222;Azur-art&#8221; S.R.L. prin introducerea unui nume de utilizator \u0219i a unei parole.<\/p>\n\n\n\n<p>&#8222;Azur-art&#8221; SRL poate furniza datele dvs. personale altor companii cu care \u00eencheiem parteneriate, dar numai pe baza unei obliga\u021bii de confiden\u021bialitate, care asigur\u0103 c\u0103 aceste date sunt p\u0103strate \u00een siguran\u021b\u0103 \u0219i c\u0103 furnizarea acestor informa\u021bii personale se realizeaz\u0103 \u00een conformitate cu legisla\u021bia \u00een vigoare, \u0219i anume: furnizori de servicii de curierat, servicii bancare, alte companii cu care putem dezvolta programe comune pentru a oferi produsele \u0219i serviciile noastre pe pia\u021b\u0103, care vor opera \u00een cadrul \u0219i cu scopurile stabilite de &#8222;Azur-art&#8221; S.R.L \u00een conformitate cu termenii politicii stabilite.<\/p>\n","protected":false},"excerpt":{"rendered":"<p>Compania &#8222;Azur-art&#8221; SRL&nbsp;care ac\u0163ioneaz\u0103 \u00een baza Statutului cu sediu&nbsp; \u00een&nbsp;&nbsp;mun. Chisinau, str.Miorita,5\/3, ap.27, c\/f&nbsp; 1010600020570, IBAN: MD13EX0000000225105761MD, Cod TVA: 0208321 \u00eenscris\u0103 \u00een Registrul de Antreprenori din Registrul Na\u021bional, operatorul magazinului on-line www.azur-tek.md&#8221;, declar\u0103 c\u0103 toate datele cu caracter personal, colectate prin intermediul site-ului www.azur-tek.md,&nbsp;sunt prelucrate \u00een conformitate cu legisla\u021bia \u00een domeniu.&nbsp; V\u00e2nz\u0103torul, &#8222;Azur-art&#8221; SRL, se [&hellip;]<\/p>\n","protected":false},"author":2,"featured_media":0,"parent":0,"menu_order":0,"comment_status":"closed","ping_status":"closed","template":"","meta":{"om_disable_all_campaigns":false,"_monsterinsights_skip_tracking":false,"_monsterinsights_sitenote_active":false,"_monsterinsights_sitenote_note":"","_monsterinsights_sitenote_category":0,"site-container-style":"default","site-container-layout":"default","site-sidebar-layout":"default","site-transparent-header":"default","disable-article-header":"default","disable-site-header":"default","disable-site-footer":"default","disable-content-area-spacing":"default","footnotes":""},"class_list":["post-534","page","type-page","status-publish","hentry"],"aioseo_notices":[],"_links":{"self":[{"href":"https:\/\/azur-tek.md\/ro\/wp-json\/wp\/v2\/pages\/534","targetHints":{"allow":["GET"]}}],"collection":[{"href":"https:\/\/azur-tek.md\/ro\/wp-json\/wp\/v2\/pages"}],"about":[{"href":"https:\/\/azur-tek.md\/ro\/wp-json\/wp\/v2\/types\/page"}],"author":[{"embeddable":true,"href":"https:\/\/azur-tek.md\/ro\/wp-json\/wp\/v2\/users\/2"}],"replies":[{"embeddable":true,"href":"https:\/\/azur-tek.md\/ro\/wp-json\/wp\/v2\/comments?post=534"}],"version-history":[{"count":7,"href":"https:\/\/azur-tek.md\/ro\/wp-json\/wp\/v2\/pages\/534\/revisions"}],"predecessor-version":[{"id":1645,"href":"https:\/\/azur-tek.md\/ro\/wp-json\/wp\/v2\/pages\/534\/revisions\/1645"}],"wp:attachment":[{"href":"https:\/\/azur-tek.md\/ro\/wp-json\/wp\/v2\/media?parent=534"}],"curies":[{"name":"wp","href":"https:\/\/api.w.org\/{rel}","templated":true}]}}