{"id":646,"date":"2024-07-24T09:54:34","date_gmt":"2024-07-24T06:54:34","guid":{"rendered":"https:\/\/azur-tek.md\/?page_id=646"},"modified":"2024-08-20T17:42:24","modified_gmt":"2024-08-20T14:42:24","slug":"delivery","status":"publish","type":"page","link":"https:\/\/azur-tek.md\/ro\/delivery\/","title":{"rendered":"Livrare"},"content":{"rendered":"\n<p>Dup\u0103 plasarea comenzii, ve\u021bi fi contactat pentru a clarifica detaliile de livrare.<\/p>\n\n\n\n<p><strong>Livrarea \u00een or. Chi\u0219in\u0103u se efectueaz\u0103 gratuit dac\u0103 suma comenzii dep\u0103\u0219e\u0219te 499 lei. <\/strong>Dac\u0103 suma comenzii este mai mic\u0103 de 499 lei, atunci costul livr\u0103rii va fi de 50 lei. Costul livr\u0103rii \u00een suburbiile Chi\u0219in\u0103ului constituie 80 de lei.<\/p>\n\n\n\n<p><strong>Excep\u021bie fac numai produsele din categoria mobilierului.<\/strong> <\/p>\n\n\n\n<p>Costul livr\u0103rii a mobilierului se calculeaz\u0103 \u00een dependen\u021b\u0103 de greutatea \u0219i m\u0103rimile produsului procurat si variaza intre 200 &#8211; 400 lei. <\/p>\n\n\n\n<p>Livrarea este efectuat\u0103 \u00een termen de<strong>&nbsp;3 zile lucr\u0103toare.<\/strong><\/p>\n\n\n\n<p>La primirea produselor, v\u0103 rug\u0103m \u00een prezen\u021ba curierului s\u0103 verifica\u021bi integritatea ambalajului, prezen\u021ba bonului fiscal. Orice preten\u021bie ulterioar\u0103 cu privire la aceste aspecte nu vor fi acceptate.<\/p>\n\n\n\n<p style=\"line-height:1\">Plata se face:<\/p>\n\n\n\n<ul class=\"wp-block-list\">\n<li>Numerar sau prin terminal, in lei (RM), la momentul primirii marfii.<\/li>\n<\/ul>\n\n\n\n<ul class=\"wp-block-list\">\n<li>Sau prin transfer bancar:<br>Rechizite: \u00abAzur-art\u00bb SRL <br>str.Miorita, 5\/3 ap.27, mun.Chisinau<br>c\/f: 1010600020570, cod TVA 0208321<br>c\/d: MD13EX0000000225105761MD<br>BC &#8222;Eximbank-Gruppo Veneto Banca&#8221; SA Chisinau<br>BIC EXMMMD22419<br><\/li>\n<\/ul>\n","protected":false},"excerpt":{"rendered":"<p>Dup\u0103 plasarea comenzii, ve\u021bi fi contactat pentru a clarifica detaliile de livrare. Livrarea \u00een or. Chi\u0219in\u0103u se efectueaz\u0103 gratuit dac\u0103 suma comenzii dep\u0103\u0219e\u0219te 499 lei. Dac\u0103 suma comenzii este mai mic\u0103 de 499 lei, atunci costul livr\u0103rii va fi de 50 lei. Costul livr\u0103rii \u00een suburbiile Chi\u0219in\u0103ului constituie 80 de lei. Excep\u021bie fac numai produsele [&hellip;]<\/p>\n","protected":false},"author":2,"featured_media":0,"parent":0,"menu_order":0,"comment_status":"closed","ping_status":"closed","template":"","meta":{"om_disable_all_campaigns":false,"_monsterinsights_skip_tracking":false,"_monsterinsights_sitenote_active":false,"_monsterinsights_sitenote_note":"","_monsterinsights_sitenote_category":0,"site-container-style":"default","site-container-layout":"default","site-sidebar-layout":"default","site-transparent-header":"default","disable-article-header":"default","disable-site-header":"default","disable-site-footer":"default","disable-content-area-spacing":"default","footnotes":""},"class_list":["post-646","page","type-page","status-publish","hentry"],"aioseo_notices":[],"_links":{"self":[{"href":"https:\/\/azur-tek.md\/ro\/wp-json\/wp\/v2\/pages\/646","targetHints":{"allow":["GET"]}}],"collection":[{"href":"https:\/\/azur-tek.md\/ro\/wp-json\/wp\/v2\/pages"}],"about":[{"href":"https:\/\/azur-tek.md\/ro\/wp-json\/wp\/v2\/types\/page"}],"author":[{"embeddable":true,"href":"https:\/\/azur-tek.md\/ro\/wp-json\/wp\/v2\/users\/2"}],"replies":[{"embeddable":true,"href":"https:\/\/azur-tek.md\/ro\/wp-json\/wp\/v2\/comments?post=646"}],"version-history":[{"count":10,"href":"https:\/\/azur-tek.md\/ro\/wp-json\/wp\/v2\/pages\/646\/revisions"}],"predecessor-version":[{"id":1656,"href":"https:\/\/azur-tek.md\/ro\/wp-json\/wp\/v2\/pages\/646\/revisions\/1656"}],"wp:attachment":[{"href":"https:\/\/azur-tek.md\/ro\/wp-json\/wp\/v2\/media?parent=646"}],"curies":[{"name":"wp","href":"https:\/\/api.w.org\/{rel}","templated":true}]}}