{"id":736,"date":"2023-09-11T02:00:29","date_gmt":"2023-09-11T02:00:29","guid":{"rendered":"https:\/\/kentatheme.com\/kenta-digital-shop\/?page_id=9"},"modified":"2024-08-20T16:04:08","modified_gmt":"2024-08-20T13:04:08","slug":"refund_returns-2","status":"publish","type":"page","link":"https:\/\/azur-tek.md\/ro\/refund_returns-2\/","title":{"rendered":"Schimb \u0219i returnare"},"content":{"rendered":"\n<p><strong><u>Condi\u021bii pentru returnarea m\u0103rfurilor de calitate corespunz\u0103toare<\/u><\/strong><\/p>\n\n\n\n<p>\u00cen decurs de 14 zile de la momentul primirii m\u0103rfii, clientul are dreptul s\u0103 schimbe marfa de calitate corespunz\u0103toare pe alta similar\u0103, dac\u0103 marfa nu-i convine clientului dup\u0103 form\u0103, dimensiuni, stil, culoarea sau din alte cauze nu poate fi utilizat\u0103 dup\u0103 scopul propus, cu recalcularea corespunz\u0103toare \u00een cazul unei diferen\u021be de pre\u021b.<\/p>\n\n\n\n<p>Dac\u0103 produsul necesar pentru schimb este absent, clientul are dreptul s\u0103 \u00eentoarc\u0103 produsul \u0219i s\u0103 primeasc\u0103 \u00eenapoi costul s\u0103u.<\/p>\n\n\n\n<p>Schimbul sau returnul m\u0103rfurilor este permis numai dac\u0103 sunt respectate urm\u0103toarele condi\u021bii:<\/p>\n\n\n\n<ul class=\"wp-block-list\">\n<li>Produsul nu a fost utilizat;<\/li>\n\n\n\n<li>Nu \u0219i-a pierdut propriet\u0103\u021bile consum\u0103torilor.<\/li>\n\n\n\n<li>Setul este complet, cu toate ambalajele \u0219i autocolantele f\u0103r\u0103 defecte \u0219i la furnizarea chit\u0103\u021bii, care confirm\u0103 achizi\u021bia.<\/li>\n<\/ul>\n\n\n\n<p><strong>Luni-Vineri: 09.00-18.00 Simbata: 10.00-14.00 Duminica zi libera<\/strong><\/p>\n\n\n\n<p><strong><u>Condi\u021bii pentru returnarea m\u0103rfurilor cu defect.<\/u><\/strong><\/p>\n\n\n\n<p>Cump\u0103r\u0103torul poate solicita returnarea bunurilor, \u00een caz de defect, \u00een termen de 14 zile de la data achizi\u021bion\u0103rii bunurilor. Produsul este supus diagnostic\u0103rii \u0219i \u00een func\u021bie de rezultatele sale:<\/p>\n\n\n\n<ul class=\"wp-block-list\">\n<li>Dac\u0103 s-a confirmat un defectul din fabric\u0103 &#8211; marfa este acceptat pentru returnare sau schimb.<\/li>\n\n\n\n<li>Dac\u0103 defectul m\u0103rfurilor a fost confirmat din vina cump\u0103r\u0103torului- m\u0103rfurile nu sunt acceptate pentru returnare\/schimb.<\/li>\n<\/ul>\n\n\n\n<p>Produsele sunt acceptate pentru returnare numai \u00een configura\u021bie complet\u0103, cu toate pachetele \u0219i autocolantele, f\u0103r\u0103 deterior\u0103ri \u0219i cu o chitan\u021b\u0103 care confirm\u0103 achizi\u021bia.<\/p>\n\n\n\n<p>Returnarea m\u0103rfurilor se efectueaz\u0103 \u00een felul urm\u0103tor.<\/p>\n\n\n\n<p>Cump\u0103r\u0103torul returneaz\u0103 bunurile la punctul de returnare a bunurilor, la adresa Chi\u0219in\u0103u, str. Pietrarilor 2\/1.<\/p>\n\n\n\n<p>Cu prezentarea bonului de plata sau a documentelor care confirma plata produsului, la adresa Chi\u0219in\u0103u, str. Pietrarilor 2\/1.<\/p>\n\n\n\n<p>Dac\u0103 ave\u021bi \u00eentreb\u0103ri, suna\u021bi la\u00a0<strong>+373-78-7070-69.<\/strong><\/p>\n\n\n\n<p><strong>Programul de lucru: Luni-Vineri 09.00-18.00.<\/strong><\/p>\n","protected":false},"excerpt":{"rendered":"<p>Condi\u021bii pentru returnarea m\u0103rfurilor de calitate corespunz\u0103toare \u00cen decurs de 14 zile de la momentul primirii m\u0103rfii, clientul are dreptul s\u0103 schimbe marfa de calitate corespunz\u0103toare pe alta similar\u0103, dac\u0103 marfa nu-i convine clientului dup\u0103 form\u0103, dimensiuni, stil, culoarea sau din alte cauze nu poate fi utilizat\u0103 dup\u0103 scopul propus, cu recalcularea corespunz\u0103toare \u00een cazul [&hellip;]<\/p>\n","protected":false},"author":2,"featured_media":0,"parent":0,"menu_order":0,"comment_status":"closed","ping_status":"closed","template":"","meta":{"om_disable_all_campaigns":false,"_monsterinsights_skip_tracking":false,"_monsterinsights_sitenote_active":false,"_monsterinsights_sitenote_note":"","_monsterinsights_sitenote_category":0,"site-container-style":"default","site-container-layout":"default","site-sidebar-layout":"default","site-transparent-header":"default","disable-article-header":"default","disable-site-header":"default","disable-site-footer":"default","disable-content-area-spacing":"default","footnotes":""},"class_list":["post-736","page","type-page","status-publish","hentry"],"aioseo_notices":[],"_links":{"self":[{"href":"https:\/\/azur-tek.md\/ro\/wp-json\/wp\/v2\/pages\/736","targetHints":{"allow":["GET"]}}],"collection":[{"href":"https:\/\/azur-tek.md\/ro\/wp-json\/wp\/v2\/pages"}],"about":[{"href":"https:\/\/azur-tek.md\/ro\/wp-json\/wp\/v2\/types\/page"}],"author":[{"embeddable":true,"href":"https:\/\/azur-tek.md\/ro\/wp-json\/wp\/v2\/users\/2"}],"replies":[{"embeddable":true,"href":"https:\/\/azur-tek.md\/ro\/wp-json\/wp\/v2\/comments?post=736"}],"version-history":[{"count":1,"href":"https:\/\/azur-tek.md\/ro\/wp-json\/wp\/v2\/pages\/736\/revisions"}],"predecessor-version":[{"id":1642,"href":"https:\/\/azur-tek.md\/ro\/wp-json\/wp\/v2\/pages\/736\/revisions\/1642"}],"wp:attachment":[{"href":"https:\/\/azur-tek.md\/ro\/wp-json\/wp\/v2\/media?parent=736"}],"curies":[{"name":"wp","href":"https:\/\/api.w.org\/{rel}","templated":true}]}}