{"id":929,"date":"2024-07-29T13:15:43","date_gmt":"2024-07-29T10:15:43","guid":{"rendered":"https:\/\/azur-tek.md\/?page_id=929"},"modified":"2024-11-06T21:15:42","modified_gmt":"2024-11-06T19:15:42","slug":"service","status":"publish","type":"page","link":"https:\/\/azur-tek.md\/ro\/service\/","title":{"rendered":"Service"},"content":{"rendered":"\n<h2 class=\"wp-block-heading\"><strong>Atelierul nostru are mai multe direc\u021bii de activitate:<\/strong><\/h2>\n\n\n\n<div class=\"wp-block-columns is-layout-flex wp-container-core-columns-is-layout-28f84493 wp-block-columns-is-layout-flex\">\n<div class=\"wp-block-column block-anime is-layout-flow wp-block-column-is-layout-flow\" id=\"milling-engraving\">\n<div class=\"wp-block-cover has-custom-content-position is-position-bottom-center\" style=\"min-height:263px;aspect-ratio:unset;\"><span aria-hidden=\"true\" class=\"wp-block-cover__background has-background-dim-0 has-background-dim\" style=\"background-color:#503f40\"><\/span><img loading=\"lazy\" decoding=\"async\" width=\"1920\" height=\"1280\" class=\"wp-block-cover__image-background wp-image-183\" alt=\"\" src=\"http:\/\/azur-tek.md\/wp-content\/uploads\/2024\/05\/CNC_woodworking.jpg\" data-object-fit=\"cover\" srcset=\"https:\/\/azur-tek.md\/wp-content\/uploads\/2024\/05\/CNC_woodworking.jpg 1920w, https:\/\/azur-tek.md\/wp-content\/uploads\/2024\/05\/CNC_woodworking-300x200.jpg 300w, https:\/\/azur-tek.md\/wp-content\/uploads\/2024\/05\/CNC_woodworking-600x400.jpg 600w, https:\/\/azur-tek.md\/wp-content\/uploads\/2024\/05\/CNC_woodworking-1024x683.jpg 1024w, https:\/\/azur-tek.md\/wp-content\/uploads\/2024\/05\/CNC_woodworking-768x512.jpg 768w, https:\/\/azur-tek.md\/wp-content\/uploads\/2024\/05\/CNC_woodworking-1536x1024.jpg 1536w, https:\/\/azur-tek.md\/wp-content\/uploads\/2024\/05\/CNC_woodworking-32x21.jpg 32w, https:\/\/azur-tek.md\/wp-content\/uploads\/2024\/05\/CNC_woodworking-100x67.jpg 100w, https:\/\/azur-tek.md\/wp-content\/uploads\/2024\/05\/CNC_woodworking-1050x700.jpg 1050w\" sizes=\"auto, (max-width: 1920px) 100vw, 1920px\" \/><div class=\"wp-block-cover__inner-container has-global-padding is-layout-constrained wp-block-cover-is-layout-constrained\">\n<p class=\"has-text-align-center\" style=\"font-size:clamp(14px, 0.875rem + ((1vw - 3.2px) * 0.61), 19px);font-style:normal;font-weight:900\">Prelucrare cu CNC<\/p>\n<\/div><\/div>\n<\/div>\n\n\n\n<div class=\"wp-block-column block-anime is-layout-flow wp-block-column-is-layout-flow\" id=\"paint\">\n<div class=\"wp-block-cover has-custom-content-position is-position-bottom-center\" style=\"min-height:263px;aspect-ratio:unset;\"><span aria-hidden=\"true\" class=\"wp-block-cover__background has-background-dim-0 has-background-dim\"><\/span><img loading=\"lazy\" decoding=\"async\" width=\"544\" height=\"408\" class=\"wp-block-cover__image-background wp-image-691\" alt=\"\" src=\"http:\/\/azur-tek.md\/wp-content\/uploads\/2024\/07\/1707318001404-edited-1.jpg\" data-object-fit=\"cover\" srcset=\"https:\/\/azur-tek.md\/wp-content\/uploads\/2024\/07\/1707318001404-edited-1.jpg 544w, https:\/\/azur-tek.md\/wp-content\/uploads\/2024\/07\/1707318001404-edited-1-300x225.jpg 300w, https:\/\/azur-tek.md\/wp-content\/uploads\/2024\/07\/1707318001404-edited-1-500x375.jpg 500w, https:\/\/azur-tek.md\/wp-content\/uploads\/2024\/07\/1707318001404-edited-1-32x24.jpg 32w, https:\/\/azur-tek.md\/wp-content\/uploads\/2024\/07\/1707318001404-edited-1-100x75.jpg 100w\" sizes=\"auto, (max-width: 544px) 100vw, 544px\" \/><div class=\"wp-block-cover__inner-container is-layout-flow wp-block-cover-is-layout-flow\">\n<p class=\"has-text-align-center\" style=\"font-size:clamp(14px, 0.875rem + ((1vw - 3.2px) * 0.61), 19px);font-style:normal;font-weight:900\">VOPSIREA<\/p>\n<\/div><\/div>\n<\/div>\n\n\n\n<div class=\"wp-block-column block-anime is-layout-flow wp-block-column-is-layout-flow\" id=\"3D\">\n<div class=\"wp-block-cover has-custom-content-position is-position-bottom-center\" style=\"min-height:263px;aspect-ratio:unset;\"><span aria-hidden=\"true\" class=\"wp-block-cover__background has-background-dim-0 has-background-dim\" style=\"background-color:#49453d\"><\/span><img loading=\"lazy\" decoding=\"async\" width=\"785\" height=\"655\" class=\"wp-block-cover__image-background wp-image-212\" alt=\"\" src=\"http:\/\/azur-tek.md\/wp-content\/uploads\/2024\/05\/el3d.jpg\" data-object-fit=\"cover\" srcset=\"https:\/\/azur-tek.md\/wp-content\/uploads\/2024\/05\/el3d.jpg 785w, https:\/\/azur-tek.md\/wp-content\/uploads\/2024\/05\/el3d-300x250.jpg 300w, https:\/\/azur-tek.md\/wp-content\/uploads\/2024\/05\/el3d-600x501.jpg 600w, https:\/\/azur-tek.md\/wp-content\/uploads\/2024\/05\/el3d-768x641.jpg 768w, https:\/\/azur-tek.md\/wp-content\/uploads\/2024\/05\/el3d-32x27.jpg 32w, https:\/\/azur-tek.md\/wp-content\/uploads\/2024\/05\/el3d-100x83.jpg 100w\" sizes=\"auto, (max-width: 785px) 100vw, 785px\" \/><div class=\"wp-block-cover__inner-container has-global-padding is-layout-constrained wp-block-cover-is-layout-constrained\">\n<p class=\"has-text-align-center\" style=\"font-size:clamp(14px, 0.875rem + ((1vw - 3.2px) * 0.61), 19px);font-style:normal;font-weight:900\"><strong>Modelare 3D<\/strong><\/p>\n<\/div><\/div>\n<\/div>\n<\/div>\n\n\n\n<div class=\"wp-block-group has-global-padding is-layout-constrained wp-block-group-is-layout-constrained\">\n<div class=\"wp-block-columns is-layout-flex wp-container-core-columns-is-layout-28f84493 wp-block-columns-is-layout-flex\">\n<div class=\"wp-block-column is-layout-flow wp-block-column-is-layout-flow\"><\/div>\n\n\n\n<div class=\"wp-block-column is-vertically-aligned-center is-layout-flow wp-block-column-is-layout-flow\"><\/div>\n\n\n\n<div class=\"wp-block-column is-layout-flow wp-block-column-is-layout-flow\"><\/div>\n<\/div>\n<\/div>\n\n\n\n<style>\n.wp-block-cover .wp-block-cover__background,.wp-block-cover .wp-block-cover__gradient-background,.wp-block-cover-image .wp-block-cover__background,.wp-block-cover-image .wp-block-cover__gradient-background,.wp-block-cover-image.has-background-dim:not(.has-background-gradient):before,.wp-block-cover.has-background-dim:not(.has-background-gradient):before {\n    bottom: auto;\n    left: 0;\n    opacity: .5;\n    position: absolute;\n    right: 0;\n    top: 0;\n    z-index: 1\n}\n.has-white-color {\n    overflow: hidden;\nbottom: 0px;\n\n}\n\n.has-white-color img {\n    transform: scale(1);\n    transition: transform 1.3s ease;\n}\n.block-anime {\n cursor: pointer;\n}\n.block-anime:hover img {\n    transform: scale(1.3);   \n}\n@media (prefers-reduced-motion: reduce) {\n    *, *::before, *::after {\n         animation-duration: 1s !important; \n         animation-iteration-count: 1 !important; \n         transition-duration: 1s !important; \n        scroll-behavior: auto !important; \n    }\n<\/style>\n<script>\nwindow.onload = function() {\n    let columns = document.querySelectorAll('.wp-block-column');\n    columns.forEach(function(clmn) {\n        console.log(\"clmn --------------------------\"+clmn.id);\n        if (clmn.id!='') clmn.addEventListener(\"click\", function() {displayURL(clmn.id)});\n  });\n};\n\nfunction displayURL(_url) {\n     window.location.href='..'+_url;\n}\n\n<\/script>\n\n\n\n<p>Folosim doar materiale \u0219i echipamente de calitate. Pute\u021bi afla mai multe despre <a href=\"http:\/\/azur-tek.md\/milling-engraving\/#prices\" title=\"pre\u021burile de m\u0103cinare\">pre\u021burile de prelucrare<\/a> \u0219i vopsirea produc\u021biei pe site-ul nostru sau telefon. <\/p>\n\n\n\n<p>Nu ezita\u021bi s\u0103 ne contacta\u021bi &#8211; vom fi bucuro\u0219i s\u0103 v\u0103 \u00eemplinim \u2737 visele din lemn \u2737<\/p>\n\n\n\n<div class=\"wp-block-columns is-layout-flex wp-container-core-columns-is-layout-28f84493 wp-block-columns-is-layout-flex\">\n<div class=\"wp-block-column is-layout-flow wp-block-column-is-layout-flow\" style=\"padding-top:var(--wp--preset--spacing--small);padding-bottom:var(--wp--preset--spacing--small)\">\n<div class=\"wp-block-kenta-blocks-buttons kb-buttons kb-buttons-805012ef\">\n\n<div class=\"kb-button-wrapper kb-button-wrapper-8b02fdce\"><a class=\"wp-block-kenta-blocks-button kb-button kb-button-8b02fdce kb-button-left\" href=\"..\/info\"><span>\u0415\u0449\u0451 \u0431\u043e\u043b\u044c\u0448\u0435 \u0438\u043d\u0444\u043e\u0440\u043c\u0430\u0446\u0438\u0438 \u043e \u043d\u0430\u0441!<\/span><\/a><\/div>\n\n<\/div>\n<\/div>\n<\/div>\n","protected":false},"excerpt":{"rendered":"<p>Atelierul nostru are mai multe direc\u021bii de activitate: Folosim doar materiale \u0219i echipamente de calitate. Pute\u021bi afla mai multe despre pre\u021burile de prelucrare \u0219i vopsirea produc\u021biei pe site-ul nostru sau telefon. Nu ezita\u021bi s\u0103 ne contacta\u021bi &#8211; vom fi bucuro\u0219i s\u0103 v\u0103 \u00eemplinim \u2737 visele din lemn \u2737<\/p>\n","protected":false},"author":2,"featured_media":1713,"parent":0,"menu_order":0,"comment_status":"closed","ping_status":"closed","template":"","meta":{"om_disable_all_campaigns":false,"_monsterinsights_skip_tracking":false,"_monsterinsights_sitenote_active":false,"_monsterinsights_sitenote_note":"","_monsterinsights_sitenote_category":0,"site-container-style":"default","site-container-layout":"default","site-sidebar-layout":"default","site-transparent-header":"default","disable-article-header":"default","disable-site-header":"default","disable-site-footer":"default","disable-content-area-spacing":"default","footnotes":""},"class_list":["post-929","page","type-page","status-publish","has-post-thumbnail","hentry"],"aioseo_notices":[],"_links":{"self":[{"href":"https:\/\/azur-tek.md\/ro\/wp-json\/wp\/v2\/pages\/929","targetHints":{"allow":["GET"]}}],"collection":[{"href":"https:\/\/azur-tek.md\/ro\/wp-json\/wp\/v2\/pages"}],"about":[{"href":"https:\/\/azur-tek.md\/ro\/wp-json\/wp\/v2\/types\/page"}],"author":[{"embeddable":true,"href":"https:\/\/azur-tek.md\/ro\/wp-json\/wp\/v2\/users\/2"}],"replies":[{"embeddable":true,"href":"https:\/\/azur-tek.md\/ro\/wp-json\/wp\/v2\/comments?post=929"}],"version-history":[{"count":29,"href":"https:\/\/azur-tek.md\/ro\/wp-json\/wp\/v2\/pages\/929\/revisions"}],"predecessor-version":[{"id":1961,"href":"https:\/\/azur-tek.md\/ro\/wp-json\/wp\/v2\/pages\/929\/revisions\/1961"}],"wp:featuredmedia":[{"embeddable":true,"href":"https:\/\/azur-tek.md\/ro\/wp-json\/wp\/v2\/media\/1713"}],"wp:attachment":[{"href":"https:\/\/azur-tek.md\/ro\/wp-json\/wp\/v2\/media?parent=929"}],"curies":[{"name":"wp","href":"https:\/\/api.w.org\/{rel}","templated":true}]}}