{"id":1136,"date":"2024-07-31T19:10:27","date_gmt":"2024-07-31T16:10:27","guid":{"rendered":"https:\/\/azur-tek.md\/?post_type=product&#038;p=1136"},"modified":"2024-09-06T12:53:42","modified_gmt":"2024-09-06T09:53:42","slug":"trenajer-back","status":"publish","type":"product","link":"https:\/\/azur-tek.md\/ro\/product\/trenajer-back\/","title":{"rendered":"Antrenor pentru spate"},"content":{"rendered":"<p>Antrenorul pentru spate reprezint\u0103 una dintre cele mai inovative apari\u021bii pe pia\u021ba accesoriilor sportive. Acest echipament este o completare foarte util\u0103 pentru barele de perete. Exerci\u021biile zilnice cu acest aparat vor contribui la \u00eembun\u0103t\u0103\u021birea posturii \u0219i la \u00eent\u0103rirea principalelor grupe de mu\u0219chi ai spatelui. Antrenorul deta\u0219abil pentru spate este conceput pentru toate v\u00e2rstele. Permite o ata\u0219are rapid\u0103 \u0219i sigur\u0103 la orice col\u021b de sport, la \u00een\u0103l\u021bimea dorit\u0103.<\/p>\n<p>Material: placaj, bare transversale din fag<br \/>Tip de ata\u0219ament la col\u021bul de sport.<br \/>Greutatea produsului 10 kg.<br \/>12 luni garantie.<br \/>Max. greutate utilizator 100 kg.<\/p>\n","protected":false},"excerpt":{"rendered":"<p>Antrenorul pentru spate reprezint\u0103 una dintre cele mai inovative apari\u021bii pe pia\u021ba accesoriilor sportive. Acest echipament este o completare foarte util\u0103 pentru barele de perete. Exerci\u021biile zilnice cu acest aparat vor contribui la \u00eembun\u0103t\u0103\u021birea posturii \u0219i la \u00eent\u0103rirea principalelor grupe de mu\u0219chi ai spatelui. Antrenorul deta\u0219abil pentru spate este conceput pentru toate v\u00e2rstele. Permite o [&hellip;]<\/p>\n","protected":false},"featured_media":1137,"template":"","meta":{"om_disable_all_campaigns":false,"_monsterinsights_skip_tracking":false,"_monsterinsights_sitenote_active":false,"_monsterinsights_sitenote_note":"","_monsterinsights_sitenote_category":0,"site-container-style":"default","site-container-layout":"default","site-sidebar-layout":"default","site-transparent-header":"default","disable-article-header":"default","disable-site-header":"default","disable-site-footer":"default","disable-content-area-spacing":"default"},"product_brand":[],"product_cat":[42],"product_tag":[],"class_list":{"0":"post-1136","1":"product","2":"type-product","3":"status-publish","4":"has-post-thumbnail","6":"product_cat-sport","8":"first","9":"onbackorder","10":"shipping-taxable","11":"purchasable","12":"product-type-simple"},"aioseo_notices":[],"_links":{"self":[{"href":"https:\/\/azur-tek.md\/ro\/wp-json\/wp\/v2\/product\/1136","targetHints":{"allow":["GET"]}}],"collection":[{"href":"https:\/\/azur-tek.md\/ro\/wp-json\/wp\/v2\/product"}],"about":[{"href":"https:\/\/azur-tek.md\/ro\/wp-json\/wp\/v2\/types\/product"}],"wp:featuredmedia":[{"embeddable":true,"href":"https:\/\/azur-tek.md\/ro\/wp-json\/wp\/v2\/media\/1137"}],"wp:attachment":[{"href":"https:\/\/azur-tek.md\/ro\/wp-json\/wp\/v2\/media?parent=1136"}],"wp:term":[{"taxonomy":"product_brand","embeddable":true,"href":"https:\/\/azur-tek.md\/ro\/wp-json\/wp\/v2\/product_brand?post=1136"},{"taxonomy":"product_cat","embeddable":true,"href":"https:\/\/azur-tek.md\/ro\/wp-json\/wp\/v2\/product_cat?post=1136"},{"taxonomy":"product_tag","embeddable":true,"href":"https:\/\/azur-tek.md\/ro\/wp-json\/wp\/v2\/product_tag?post=1136"}],"curies":[{"name":"wp","href":"https:\/\/api.w.org\/{rel}","templated":true}]}}