{"id":1230,"date":"2024-08-09T14:23:46","date_gmt":"2024-08-09T11:23:46","guid":{"rendered":"https:\/\/azur-tek.md\/?post_type=product&#038;p=1230"},"modified":"2024-11-06T21:50:16","modified_gmt":"2024-11-06T19:50:16","slug":"trainletter","status":"publish","type":"product","link":"https:\/\/azur-tek.md\/ro\/product\/trainletter\/","title":{"rendered":"Tren din lemn cu remorc\u0103  \u0219i litere"},"content":{"rendered":"<p><strong>Tren din lemn cu remorc\u0103  \u0219i litere.<br \/><\/strong>Realizat numai la comand\u0103. Acesta poate fi numele copilului, orice cuv\u00e2nt, alfabet, numere. Vom tine cont de toate dorintele tale. Ro\u021bile se \u00eenv\u00e2rt, remorcile se decupl\u0103.<br \/><strong>Pretul este pentru 1 remorca.<br \/><\/strong>Este un cadou minunat  sau pentru o \u0219edin\u021b\u0103 de fotosesie.<br \/>Materiale: pin, mesteacan<br \/>Dimensiune: inaltimea literelor &#8211; 12 cm, lungime &#8211; 20 cm.<\/p>\n","protected":false},"excerpt":{"rendered":"<p>Tren din lemn cu remorc\u0103 \u0219i litere.Realizat numai la comand\u0103. Acesta poate fi numele copilului, orice cuv\u00e2nt, alfabet, numere. Vom tine cont de toate dorintele tale. Ro\u021bile se \u00eenv\u00e2rt, remorcile se decupl\u0103.Pretul este pentru 1 remorca.Este un cadou minunat sau pentru o \u0219edin\u021b\u0103 de fotosesie.Materiale: pin, mesteacanDimensiune: inaltimea literelor &#8211; 12 cm, lungime &#8211; 20 [&hellip;]<\/p>\n","protected":false},"featured_media":1547,"template":"","meta":{"om_disable_all_campaigns":false,"_monsterinsights_skip_tracking":false,"_monsterinsights_sitenote_active":false,"_monsterinsights_sitenote_note":"","_monsterinsights_sitenote_category":0,"site-container-style":"default","site-container-layout":"default","site-sidebar-layout":"default","site-transparent-header":"default","disable-article-header":"default","disable-site-header":"default","disable-site-footer":"default","disable-content-area-spacing":"default"},"product_brand":[],"product_cat":[31],"product_tag":[],"class_list":{"0":"post-1230","1":"product","2":"type-product","3":"status-publish","4":"has-post-thumbnail","6":"product_cat-toys","8":"first","9":"instock","10":"shipping-taxable","11":"purchasable","12":"product-type-simple"},"aioseo_notices":[],"_links":{"self":[{"href":"https:\/\/azur-tek.md\/ro\/wp-json\/wp\/v2\/product\/1230","targetHints":{"allow":["GET"]}}],"collection":[{"href":"https:\/\/azur-tek.md\/ro\/wp-json\/wp\/v2\/product"}],"about":[{"href":"https:\/\/azur-tek.md\/ro\/wp-json\/wp\/v2\/types\/product"}],"wp:featuredmedia":[{"embeddable":true,"href":"https:\/\/azur-tek.md\/ro\/wp-json\/wp\/v2\/media\/1547"}],"wp:attachment":[{"href":"https:\/\/azur-tek.md\/ro\/wp-json\/wp\/v2\/media?parent=1230"}],"wp:term":[{"taxonomy":"product_brand","embeddable":true,"href":"https:\/\/azur-tek.md\/ro\/wp-json\/wp\/v2\/product_brand?post=1230"},{"taxonomy":"product_cat","embeddable":true,"href":"https:\/\/azur-tek.md\/ro\/wp-json\/wp\/v2\/product_cat?post=1230"},{"taxonomy":"product_tag","embeddable":true,"href":"https:\/\/azur-tek.md\/ro\/wp-json\/wp\/v2\/product_tag?post=1230"}],"curies":[{"name":"wp","href":"https:\/\/api.w.org\/{rel}","templated":true}]}}