{"id":1552,"date":"2024-08-18T14:47:20","date_gmt":"2024-08-18T11:47:20","guid":{"rendered":"https:\/\/azur-tek.md\/?post_type=product&#038;p=1552"},"modified":"2024-12-09T22:42:55","modified_gmt":"2024-12-09T20:42:55","slug":"c002","status":"publish","type":"product","link":"https:\/\/azur-tek.md\/ro\/product\/c002\/","title":{"rendered":"Pandantiv cruce din lemn"},"content":{"rendered":"<p>Pandantiv cruce din lemn, bijuterie cre\u0219tin\u0103 pentru b\u0103rba\u021bi, negru cu vene maro.<br \/>Pandantivul este sculptat din lemn de sequoia exotic, originar din sud-estul Africii, f\u0103c\u00e2nd acest accesoriu unic \u00een felul s\u0103u. Culoarea real\u0103 a produsului poate varia u\u0219or fa\u021b\u0103 de imaginea de pe site.<br \/>Pandantivul este acoperit cu dou\u0103 sau mai multe straturi de lac pentru lemn, protej\u00e2ndu-l de umiditate \u0219i factori externi. Lacul confer\u0103 rezisten\u021b\u0103 la umezeal\u0103, dar nu \u00eel face impermeabil. V\u0103 recomand\u0103m s\u0103 \u00eendep\u0103rta\u021bi pandantivul \u00eenainte de a face mi\u0219care, du\u0219 sau \u00eenot.<br \/>Pandantivul vine cu un cordon cerat coreean negru sau maro, gata de purtat. Cordon  cerat are o textur\u0103 str\u0103lucitoare, asem\u0103n\u0103toare pielii de \u0219arpe, fiind o alternativ\u0103 excelent\u0103 \u0219i durabil\u0103 la piele.<\/p>\n<p>\u2013 Dimensiuni 23mm x 30mm.<\/p>\n","protected":false},"excerpt":{"rendered":"<p>Pandantiv cruce din lemn, bijuterie cre\u0219tin\u0103 pentru b\u0103rba\u021bi, negru cu vene maro.Pandantivul este sculptat din lemn de sequoia exotic, originar din sud-estul Africii, f\u0103c\u00e2nd acest accesoriu unic \u00een felul s\u0103u. Culoarea real\u0103 a produsului poate varia u\u0219or fa\u021b\u0103 de imaginea de pe site.Pandantivul este acoperit cu dou\u0103 sau mai multe straturi de lac pentru lemn, [&hellip;]<\/p>\n","protected":false},"featured_media":1999,"template":"","meta":{"om_disable_all_campaigns":false,"_monsterinsights_skip_tracking":false,"_monsterinsights_sitenote_active":false,"_monsterinsights_sitenote_note":"","_monsterinsights_sitenote_category":0,"site-container-style":"default","site-container-layout":"default","site-sidebar-layout":"default","site-transparent-header":"default","disable-article-header":"default","disable-site-header":"default","disable-site-footer":"default","disable-content-area-spacing":"default"},"product_brand":[],"product_cat":[63],"product_tag":[],"class_list":{"0":"post-1552","1":"product","2":"type-product","3":"status-publish","4":"has-post-thumbnail","6":"product_cat-pandativ","8":"first","9":"instock","10":"shipping-taxable","11":"purchasable","12":"product-type-simple"},"aioseo_notices":[],"_links":{"self":[{"href":"https:\/\/azur-tek.md\/ro\/wp-json\/wp\/v2\/product\/1552","targetHints":{"allow":["GET"]}}],"collection":[{"href":"https:\/\/azur-tek.md\/ro\/wp-json\/wp\/v2\/product"}],"about":[{"href":"https:\/\/azur-tek.md\/ro\/wp-json\/wp\/v2\/types\/product"}],"wp:featuredmedia":[{"embeddable":true,"href":"https:\/\/azur-tek.md\/ro\/wp-json\/wp\/v2\/media\/1999"}],"wp:attachment":[{"href":"https:\/\/azur-tek.md\/ro\/wp-json\/wp\/v2\/media?parent=1552"}],"wp:term":[{"taxonomy":"product_brand","embeddable":true,"href":"https:\/\/azur-tek.md\/ro\/wp-json\/wp\/v2\/product_brand?post=1552"},{"taxonomy":"product_cat","embeddable":true,"href":"https:\/\/azur-tek.md\/ro\/wp-json\/wp\/v2\/product_cat?post=1552"},{"taxonomy":"product_tag","embeddable":true,"href":"https:\/\/azur-tek.md\/ro\/wp-json\/wp\/v2\/product_tag?post=1552"}],"curies":[{"name":"wp","href":"https:\/\/api.w.org\/{rel}","templated":true}]}}