{"id":1682,"date":"2024-08-25T10:15:52","date_gmt":"2024-08-25T07:15:52","guid":{"rendered":"https:\/\/azur-tek.md\/?post_type=product&#038;p=1682"},"modified":"2024-11-20T23:15:09","modified_gmt":"2024-11-20T21:15:09","slug":"leo01","status":"publish","type":"product","link":"https:\/\/azur-tek.md\/ro\/product\/leo01\/","title":{"rendered":"Pandantiv din lemn cu cap de leu"},"content":{"rendered":"<p>Pandantiv in forma de leu, decoratiuni cu animale (semne zodiacale).<br \/>Pandantivul este sculptat din lemn de sequoia exotic, originar din sud-estul Africii, f\u0103c\u00e2nd acest accesoriu unic \u00een felul s\u0103u. Culoarea real\u0103 a produsului poate varia u\u0219or fa\u021b\u0103 de imaginea de pe site.<br \/>Pandantivul este acoperit cu dou\u0103 sau mai multe straturi de lac pentru lemn, protej\u00e2ndu-l de umiditate \u0219i factori externi. Lacul confer\u0103 rezisten\u021b\u0103 la umezeal\u0103, dar nu \u00eel face impermeabil. V\u0103 recomand\u0103m s\u0103 \u00eendep\u0103rta\u021bi pandantivul \u00eenainte de a face mi\u0219care, du\u0219 sau \u00eenot.<br \/>Pandantivul vine cu un \u0219nur cerat coreean negru reglabil de 45-50 cm, echipat cu carabinier, gata de purtat. \u0218nurul cerat are o textur\u0103 str\u0103lucitoare, asem\u0103n\u0103toare pielii de \u0219arpe, fiind o alternativ\u0103 excelent\u0103 \u0219i durabil\u0103 la piele.<\/p>\n<p>&#8211; Dimensiuni aproximative 25mm x 37mm.<\/p>\n","protected":false},"excerpt":{"rendered":"<p>Pandantiv in forma de leu, decoratiuni cu animale (semne zodiacale).Pandantivul este sculptat din lemn de sequoia exotic, originar din sud-estul Africii, f\u0103c\u00e2nd acest accesoriu unic \u00een felul s\u0103u. Culoarea real\u0103 a produsului poate varia u\u0219or fa\u021b\u0103 de imaginea de pe site.Pandantivul este acoperit cu dou\u0103 sau mai multe straturi de lac pentru lemn, protej\u00e2ndu-l de [&hellip;]<\/p>\n","protected":false},"featured_media":1683,"template":"","meta":{"om_disable_all_campaigns":false,"_monsterinsights_skip_tracking":false,"_monsterinsights_sitenote_active":false,"_monsterinsights_sitenote_note":"","_monsterinsights_sitenote_category":0,"site-container-style":"default","site-container-layout":"default","site-sidebar-layout":"default","site-transparent-header":"default","disable-article-header":"default","disable-site-header":"default","disable-site-footer":"default","disable-content-area-spacing":"default"},"product_brand":[],"product_cat":[63],"product_tag":[],"class_list":{"0":"post-1682","1":"product","2":"type-product","3":"status-publish","4":"has-post-thumbnail","6":"product_cat-pandativ","8":"first","9":"instock","10":"shipping-taxable","11":"purchasable","12":"product-type-simple"},"aioseo_notices":[],"_links":{"self":[{"href":"https:\/\/azur-tek.md\/ro\/wp-json\/wp\/v2\/product\/1682","targetHints":{"allow":["GET"]}}],"collection":[{"href":"https:\/\/azur-tek.md\/ro\/wp-json\/wp\/v2\/product"}],"about":[{"href":"https:\/\/azur-tek.md\/ro\/wp-json\/wp\/v2\/types\/product"}],"wp:featuredmedia":[{"embeddable":true,"href":"https:\/\/azur-tek.md\/ro\/wp-json\/wp\/v2\/media\/1683"}],"wp:attachment":[{"href":"https:\/\/azur-tek.md\/ro\/wp-json\/wp\/v2\/media?parent=1682"}],"wp:term":[{"taxonomy":"product_brand","embeddable":true,"href":"https:\/\/azur-tek.md\/ro\/wp-json\/wp\/v2\/product_brand?post=1682"},{"taxonomy":"product_cat","embeddable":true,"href":"https:\/\/azur-tek.md\/ro\/wp-json\/wp\/v2\/product_cat?post=1682"},{"taxonomy":"product_tag","embeddable":true,"href":"https:\/\/azur-tek.md\/ro\/wp-json\/wp\/v2\/product_tag?post=1682"}],"curies":[{"name":"wp","href":"https:\/\/api.w.org\/{rel}","templated":true}]}}