{"id":1690,"date":"2024-08-26T12:06:30","date_gmt":"2024-08-26T09:06:30","guid":{"rendered":"https:\/\/azur-tek.md\/?post_type=product&#038;p=1690"},"modified":"2024-08-26T13:54:46","modified_gmt":"2024-08-26T10:54:46","slug":"door-69","status":"publish","type":"product","link":"https:\/\/azur-tek.md\/ro\/product\/door-69\/","title":{"rendered":"U\u0219i de interior design clasic"},"content":{"rendered":"<p>U\u0219i de interior din lemn cu inser\u021bii decorative.<br \/>Aceste u\u0219i sunt realizate din materiale ecologice, asigur\u00e2nd durabilitate \u0219i rezisten\u021b\u0103 \u00een timp. Textura lor natural\u0103 \u0219i aspectul estetic deosebit adaug\u0103 un plus de stil oric\u0103rei \u00eenc\u0103peri.<br \/>Pre\u021bul afi\u0219at nu include cutie, ancadrament \u0219i alte accesorii necesare.<br \/>Dimensiuni: 70*200 cm.<br \/>Se pot fabrica u\u0219i personalizate pe dimensiunile dorite.<br \/>\u201eAzur-tek\u201d este o garan\u021bie a calit\u0103\u021bii \u0219i designului unic al mobilierului dumneavoastr\u0103.<\/p>\n","protected":false},"excerpt":{"rendered":"<p>U\u0219i de interior din lemn cu inser\u021bii decorative.Aceste u\u0219i sunt realizate din materiale ecologice, asigur\u00e2nd durabilitate \u0219i rezisten\u021b\u0103 \u00een timp. Textura lor natural\u0103 \u0219i aspectul estetic deosebit adaug\u0103 un plus de stil oric\u0103rei \u00eenc\u0103peri.Pre\u021bul afi\u0219at nu include cutie, ancadrament \u0219i alte accesorii necesare.Dimensiuni: 70*200 cm.Se pot fabrica u\u0219i personalizate pe dimensiunile dorite.\u201eAzur-tek\u201d este o garan\u021bie [&hellip;]<\/p>\n","protected":false},"featured_media":1692,"template":"","meta":{"om_disable_all_campaigns":false,"_monsterinsights_skip_tracking":false,"_monsterinsights_sitenote_active":false,"_monsterinsights_sitenote_note":"","_monsterinsights_sitenote_category":0,"site-container-style":"default","site-container-layout":"default","site-sidebar-layout":"default","site-transparent-header":"default","disable-article-header":"default","disable-site-header":"default","disable-site-footer":"default","disable-content-area-spacing":"default"},"product_brand":[],"product_cat":[53],"product_tag":[],"class_list":{"0":"post-1690","1":"product","2":"type-product","3":"status-publish","4":"has-post-thumbnail","6":"product_cat-furniture","8":"first","9":"instock","10":"shipping-taxable","11":"purchasable","12":"product-type-simple"},"aioseo_notices":[],"_links":{"self":[{"href":"https:\/\/azur-tek.md\/ro\/wp-json\/wp\/v2\/product\/1690","targetHints":{"allow":["GET"]}}],"collection":[{"href":"https:\/\/azur-tek.md\/ro\/wp-json\/wp\/v2\/product"}],"about":[{"href":"https:\/\/azur-tek.md\/ro\/wp-json\/wp\/v2\/types\/product"}],"wp:featuredmedia":[{"embeddable":true,"href":"https:\/\/azur-tek.md\/ro\/wp-json\/wp\/v2\/media\/1692"}],"wp:attachment":[{"href":"https:\/\/azur-tek.md\/ro\/wp-json\/wp\/v2\/media?parent=1690"}],"wp:term":[{"taxonomy":"product_brand","embeddable":true,"href":"https:\/\/azur-tek.md\/ro\/wp-json\/wp\/v2\/product_brand?post=1690"},{"taxonomy":"product_cat","embeddable":true,"href":"https:\/\/azur-tek.md\/ro\/wp-json\/wp\/v2\/product_cat?post=1690"},{"taxonomy":"product_tag","embeddable":true,"href":"https:\/\/azur-tek.md\/ro\/wp-json\/wp\/v2\/product_tag?post=1690"}],"curies":[{"name":"wp","href":"https:\/\/api.w.org\/{rel}","templated":true}]}}