{"id":1727,"date":"2024-08-31T12:08:35","date_gmt":"2024-08-31T09:08:35","guid":{"rendered":"https:\/\/azur-tek.md\/?post_type=product&#038;p=1727"},"modified":"2024-08-31T16:59:46","modified_gmt":"2024-08-31T13:59:46","slug":"tab-02","status":"publish","type":"product","link":"https:\/\/azur-tek.md\/ro\/product\/tab-02\/","title":{"rendered":"Masa rotunda Ducia 120cm"},"content":{"rendered":"<p>Masa rotunda Ducia din lemn masiv cu finisaj natural.<br \/>Aceast\u0103 mas\u0103 nu numai c\u0103 va decora spa\u021biul de locuit, ci va oferi \u0219i u\u0219urin\u021b\u0103 \u00een utilizare datorit\u0103 designului s\u0103u ergonomic.<br \/>Diametru: 120 cm<br \/>Inaltime: 76 cm.<br \/>Produsul este confectionat din lemn natural si realizat manual. Fiecare tip de lemn are un model unic, nuan\u021b\u0103 \u0219i model de textur\u0103. Aceste diferen\u021be confer\u0103 o identitate unic\u0103 fiec\u0103rui produs Azur-tek.<\/p>\n","protected":false},"excerpt":{"rendered":"<p>Masa rotunda Ducia din lemn masiv cu finisaj natural.Aceast\u0103 mas\u0103 nu numai c\u0103 va decora spa\u021biul de locuit, ci va oferi \u0219i u\u0219urin\u021b\u0103 \u00een utilizare datorit\u0103 designului s\u0103u ergonomic.Diametru: 120 cmInaltime: 76 cm.Produsul este confectionat din lemn natural si realizat manual. Fiecare tip de lemn are un model unic, nuan\u021b\u0103 \u0219i model de textur\u0103. Aceste [&hellip;]<\/p>\n","protected":false},"featured_media":1728,"template":"","meta":{"om_disable_all_campaigns":false,"_monsterinsights_skip_tracking":false,"_monsterinsights_sitenote_active":false,"_monsterinsights_sitenote_note":"","_monsterinsights_sitenote_category":0,"site-container-style":"default","site-container-layout":"default","site-sidebar-layout":"default","site-transparent-header":"default","disable-article-header":"default","disable-site-header":"default","disable-site-footer":"default","disable-content-area-spacing":"default"},"product_brand":[],"product_cat":[53],"product_tag":[],"class_list":{"0":"post-1727","1":"product","2":"type-product","3":"status-publish","4":"has-post-thumbnail","6":"product_cat-furniture","8":"first","9":"instock","10":"shipping-taxable","11":"purchasable","12":"product-type-simple"},"aioseo_notices":[],"_links":{"self":[{"href":"https:\/\/azur-tek.md\/ro\/wp-json\/wp\/v2\/product\/1727","targetHints":{"allow":["GET"]}}],"collection":[{"href":"https:\/\/azur-tek.md\/ro\/wp-json\/wp\/v2\/product"}],"about":[{"href":"https:\/\/azur-tek.md\/ro\/wp-json\/wp\/v2\/types\/product"}],"wp:featuredmedia":[{"embeddable":true,"href":"https:\/\/azur-tek.md\/ro\/wp-json\/wp\/v2\/media\/1728"}],"wp:attachment":[{"href":"https:\/\/azur-tek.md\/ro\/wp-json\/wp\/v2\/media?parent=1727"}],"wp:term":[{"taxonomy":"product_brand","embeddable":true,"href":"https:\/\/azur-tek.md\/ro\/wp-json\/wp\/v2\/product_brand?post=1727"},{"taxonomy":"product_cat","embeddable":true,"href":"https:\/\/azur-tek.md\/ro\/wp-json\/wp\/v2\/product_cat?post=1727"},{"taxonomy":"product_tag","embeddable":true,"href":"https:\/\/azur-tek.md\/ro\/wp-json\/wp\/v2\/product_tag?post=1727"}],"curies":[{"name":"wp","href":"https:\/\/api.w.org\/{rel}","templated":true}]}}