{"id":1731,"date":"2024-08-31T17:00:00","date_gmt":"2024-08-31T14:00:00","guid":{"rendered":"https:\/\/azur-tek.md\/?post_type=product&#038;p=1731"},"modified":"2024-08-31T17:04:56","modified_gmt":"2024-08-31T14:04:56","slug":"tab-03","status":"publish","type":"product","link":"https:\/\/azur-tek.md\/ro\/product\/tab-03\/","title":{"rendered":"Masa rotunda Ducia 70cm"},"content":{"rendered":"<p>M\u0103su\u0163\u0103 de cafea Ducia \u00a0din lemn masiv cu finisaj natural.<br \/>Aceast\u0103 mas\u0103 nu numai c\u0103 va decora spa\u021biul de locuit, ci va oferi \u0219i u\u0219urin\u021b\u0103 \u00een utilizare datorit\u0103 designului s\u0103u ergonomic.<br \/>Diametru: 70 cm<br \/>Inaltime: 40 cm.<br \/>Produsul este confectionat din lemn natural si realizat manual. Fiecare tip de lemn are un model unic, nuan\u021b\u0103 \u0219i model de textur\u0103. Aceste diferen\u021be confer\u0103 o identitate unic\u0103 fiec\u0103rui produs Azur-tek.<\/p>\n","protected":false},"excerpt":{"rendered":"<p>M\u0103su\u0163\u0103 de cafea Ducia \u00a0din lemn masiv cu finisaj natural.Aceast\u0103 mas\u0103 nu numai c\u0103 va decora spa\u021biul de locuit, ci va oferi \u0219i u\u0219urin\u021b\u0103 \u00een utilizare datorit\u0103 designului s\u0103u ergonomic.Diametru: 70 cmInaltime: 40 cm.Produsul este confectionat din lemn natural si realizat manual. Fiecare tip de lemn are un model unic, nuan\u021b\u0103 \u0219i model de textur\u0103. [&hellip;]<\/p>\n","protected":false},"featured_media":1732,"template":"","meta":{"om_disable_all_campaigns":false,"_monsterinsights_skip_tracking":false,"_monsterinsights_sitenote_active":false,"_monsterinsights_sitenote_note":"","_monsterinsights_sitenote_category":0,"site-container-style":"default","site-container-layout":"default","site-sidebar-layout":"default","site-transparent-header":"default","disable-article-header":"default","disable-site-header":"default","disable-site-footer":"default","disable-content-area-spacing":"default"},"product_brand":[],"product_cat":[53],"product_tag":[],"class_list":{"0":"post-1731","1":"product","2":"type-product","3":"status-publish","4":"has-post-thumbnail","6":"product_cat-furniture","8":"first","9":"instock","10":"shipping-taxable","11":"purchasable","12":"product-type-simple"},"aioseo_notices":[],"_links":{"self":[{"href":"https:\/\/azur-tek.md\/ro\/wp-json\/wp\/v2\/product\/1731","targetHints":{"allow":["GET"]}}],"collection":[{"href":"https:\/\/azur-tek.md\/ro\/wp-json\/wp\/v2\/product"}],"about":[{"href":"https:\/\/azur-tek.md\/ro\/wp-json\/wp\/v2\/types\/product"}],"wp:featuredmedia":[{"embeddable":true,"href":"https:\/\/azur-tek.md\/ro\/wp-json\/wp\/v2\/media\/1732"}],"wp:attachment":[{"href":"https:\/\/azur-tek.md\/ro\/wp-json\/wp\/v2\/media?parent=1731"}],"wp:term":[{"taxonomy":"product_brand","embeddable":true,"href":"https:\/\/azur-tek.md\/ro\/wp-json\/wp\/v2\/product_brand?post=1731"},{"taxonomy":"product_cat","embeddable":true,"href":"https:\/\/azur-tek.md\/ro\/wp-json\/wp\/v2\/product_cat?post=1731"},{"taxonomy":"product_tag","embeddable":true,"href":"https:\/\/azur-tek.md\/ro\/wp-json\/wp\/v2\/product_tag?post=1731"}],"curies":[{"name":"wp","href":"https:\/\/api.w.org\/{rel}","templated":true}]}}