{"id":1735,"date":"2024-09-01T11:21:20","date_gmt":"2024-09-01T08:21:20","guid":{"rendered":"https:\/\/azur-tek.md\/?post_type=product&#038;p=1735"},"modified":"2024-09-01T12:37:22","modified_gmt":"2024-09-01T09:37:22","slug":"tab-04","status":"publish","type":"product","link":"https:\/\/azur-tek.md\/ro\/product\/tab-04\/","title":{"rendered":"Masa rotunda Tower D120cm"},"content":{"rendered":"<p>Masa &#8216;Tower&#8217; din lemn natural + sticla.<br \/>Masa Tower este solu\u021bia perfect\u0103 pentru cei ce doresc un mobilier at\u00e2t practic, c\u00e2t \u0219i rafinat, adaptabil la diverse spa\u021bii \u0219i utiliz\u0103ri. Cu un design rotund se integreaz\u0103 ideal \u00een buc\u0103t\u0103rie sau \u00een zona de dining, favoriz\u00e2nd interac\u021biunile la mas\u0103. De asemenea, poate servi ca pies\u0103 central\u0103 \u00een living sau lounge, oferind un loc convenabil pentru a servi gust\u0103ri \u0219i b\u0103uturi \u00een compania prietenilor \u0219i familiei.<br \/>Diametru: 120 cm.<br \/>\u00cen\u0103l\u021bime: 76 cm.<br \/>Materiale: stejar \u0219i sticl\u0103.<br \/>Disponibil\u0103 la comand\u0103 \u00een diverse culori<\/p>\n<p><\/p>\n","protected":false},"excerpt":{"rendered":"<p>Masa &#8216;Tower&#8217; din lemn natural + sticla.Masa Tower este solu\u021bia perfect\u0103 pentru cei ce doresc un mobilier at\u00e2t practic, c\u00e2t \u0219i rafinat, adaptabil la diverse spa\u021bii \u0219i utiliz\u0103ri. Cu un design rotund se integreaz\u0103 ideal \u00een buc\u0103t\u0103rie sau \u00een zona de dining, favoriz\u00e2nd interac\u021biunile la mas\u0103. De asemenea, poate servi ca pies\u0103 central\u0103 \u00een living [&hellip;]<\/p>\n","protected":false},"featured_media":1737,"template":"","meta":{"om_disable_all_campaigns":false,"_monsterinsights_skip_tracking":false,"_monsterinsights_sitenote_active":false,"_monsterinsights_sitenote_note":"","_monsterinsights_sitenote_category":0,"site-container-style":"default","site-container-layout":"default","site-sidebar-layout":"default","site-transparent-header":"default","disable-article-header":"default","disable-site-header":"default","disable-site-footer":"default","disable-content-area-spacing":"default"},"product_brand":[],"product_cat":[53],"product_tag":[],"class_list":{"0":"post-1735","1":"product","2":"type-product","3":"status-publish","4":"has-post-thumbnail","6":"product_cat-furniture","8":"first","9":"instock","10":"shipping-taxable","11":"purchasable","12":"product-type-simple"},"aioseo_notices":[],"_links":{"self":[{"href":"https:\/\/azur-tek.md\/ro\/wp-json\/wp\/v2\/product\/1735","targetHints":{"allow":["GET"]}}],"collection":[{"href":"https:\/\/azur-tek.md\/ro\/wp-json\/wp\/v2\/product"}],"about":[{"href":"https:\/\/azur-tek.md\/ro\/wp-json\/wp\/v2\/types\/product"}],"wp:featuredmedia":[{"embeddable":true,"href":"https:\/\/azur-tek.md\/ro\/wp-json\/wp\/v2\/media\/1737"}],"wp:attachment":[{"href":"https:\/\/azur-tek.md\/ro\/wp-json\/wp\/v2\/media?parent=1735"}],"wp:term":[{"taxonomy":"product_brand","embeddable":true,"href":"https:\/\/azur-tek.md\/ro\/wp-json\/wp\/v2\/product_brand?post=1735"},{"taxonomy":"product_cat","embeddable":true,"href":"https:\/\/azur-tek.md\/ro\/wp-json\/wp\/v2\/product_cat?post=1735"},{"taxonomy":"product_tag","embeddable":true,"href":"https:\/\/azur-tek.md\/ro\/wp-json\/wp\/v2\/product_tag?post=1735"}],"curies":[{"name":"wp","href":"https:\/\/api.w.org\/{rel}","templated":true}]}}