{"id":1874,"date":"2024-09-06T12:54:29","date_gmt":"2024-09-06T09:54:29","guid":{"rendered":"https:\/\/azur-tek.md\/?post_type=product&#038;p=1874"},"modified":"2024-09-06T13:11:45","modified_gmt":"2024-09-06T10:11:45","slug":"bt-02","status":"publish","type":"product","link":"https:\/\/azur-tek.md\/ro\/product\/bt-02\/","title":{"rendered":"Cal-balansoar modern"},"content":{"rendered":"<p>Un cal balansoar modern, realizat din materiale ecologice (placaj finlandez multistrat), sigur (col\u021buri netede, \u0219lefuire, lac ecologic), elegant &#8211; un cadou grozav pentru copil de la 2 pana la 7 ani!<br \/>Juc\u00e2ndu-se cu un balansoar, copilul nu numai c\u0103 dezvolt\u0103 dexteritatea \u0219i coordonarea mi\u0219c\u0103rilor, antreneaz\u0103 aparatul vestibular, dar \u0219i \u00eent\u0103re\u0219te mu\u0219chii spatelui \u0219i ai picioarelor, \u00eenv\u0103\u021b\u00e2nd s\u0103 men\u021bin\u0103 echilibrul. \u00cen plus, balansarea \u201ependulului\u201d are un efect benefic asupra sim\u021bului de ritm \u0219i dezvoltarea proceselor\u00a0psihice al copilului.<br \/>Dimensiuni: 85*45*40cm<\/p>\n","protected":false},"excerpt":{"rendered":"<p>Un cal balansoar modern, realizat din materiale ecologice (placaj finlandez multistrat), sigur (col\u021buri netede, \u0219lefuire, lac ecologic), elegant &#8211; un cadou grozav pentru copil de la 2 pana la 7 ani!Juc\u00e2ndu-se cu un balansoar, copilul nu numai c\u0103 dezvolt\u0103 dexteritatea \u0219i coordonarea mi\u0219c\u0103rilor, antreneaz\u0103 aparatul vestibular, dar \u0219i \u00eent\u0103re\u0219te mu\u0219chii spatelui \u0219i ai picioarelor, \u00eenv\u0103\u021b\u00e2nd [&hellip;]<\/p>\n","protected":false},"featured_media":1876,"template":"","meta":{"om_disable_all_campaigns":false,"_monsterinsights_skip_tracking":false,"_monsterinsights_sitenote_active":false,"_monsterinsights_sitenote_note":"","_monsterinsights_sitenote_category":0,"site-container-style":"default","site-container-layout":"default","site-sidebar-layout":"default","site-transparent-header":"default","disable-article-header":"default","disable-site-header":"default","disable-site-footer":"default","disable-content-area-spacing":"default"},"product_brand":[],"product_cat":[42],"product_tag":[],"class_list":{"0":"post-1874","1":"product","2":"type-product","3":"status-publish","4":"has-post-thumbnail","6":"product_cat-sport","8":"first","9":"onbackorder","10":"shipping-taxable","11":"purchasable","12":"product-type-simple"},"aioseo_notices":[],"_links":{"self":[{"href":"https:\/\/azur-tek.md\/ro\/wp-json\/wp\/v2\/product\/1874","targetHints":{"allow":["GET"]}}],"collection":[{"href":"https:\/\/azur-tek.md\/ro\/wp-json\/wp\/v2\/product"}],"about":[{"href":"https:\/\/azur-tek.md\/ro\/wp-json\/wp\/v2\/types\/product"}],"wp:featuredmedia":[{"embeddable":true,"href":"https:\/\/azur-tek.md\/ro\/wp-json\/wp\/v2\/media\/1876"}],"wp:attachment":[{"href":"https:\/\/azur-tek.md\/ro\/wp-json\/wp\/v2\/media?parent=1874"}],"wp:term":[{"taxonomy":"product_brand","embeddable":true,"href":"https:\/\/azur-tek.md\/ro\/wp-json\/wp\/v2\/product_brand?post=1874"},{"taxonomy":"product_cat","embeddable":true,"href":"https:\/\/azur-tek.md\/ro\/wp-json\/wp\/v2\/product_cat?post=1874"},{"taxonomy":"product_tag","embeddable":true,"href":"https:\/\/azur-tek.md\/ro\/wp-json\/wp\/v2\/product_tag?post=1874"}],"curies":[{"name":"wp","href":"https:\/\/api.w.org\/{rel}","templated":true}]}}