{"id":2013,"date":"2024-11-25T14:58:58","date_gmt":"2024-11-25T12:58:58","guid":{"rendered":"https:\/\/azur-tek.md\/?post_type=product&#038;p=2013"},"modified":"2024-11-25T15:00:17","modified_gmt":"2024-11-25T13:00:17","slug":"scales","status":"publish","type":"product","link":"https:\/\/azur-tek.md\/ro\/product\/scales\/","title":{"rendered":"\u041a\u0443\u043b\u043e\u043d \u0434\u0435\u0440\u0435\u0432\u044f\u043d\u043d\u044b\u0439 \u0437\u043d\u0430\u043a \u0437\u043e\u0434\u0438\u0430\u043a\u0430 \u0412\u0435\u0441\u044b"},"content":{"rendered":"<p>Pandantiv din lemn cu \u201esemne zodiacale\u201d, prelucrat manual, decor sub forma unui simbol de Berbec.<br \/>Pandantivul cu semnul zodiacal Berbec este sculptat din lemn ro\u0219u exotic, originar din Africa de Sud-Est, f\u0103c\u00e2nd acest pandantiv de art\u0103 purtabil unic \u0219i unic. Culoarea real\u0103 a produsului poate diferi de fotografia de pe site.<br \/>Pandantivul este acoperit cu cear\u0103 sau straturi de lac de lemn pentru a proteja produsul de umiditate \u0219i mediu. Lacul face pandantivul rezistent la umezeal\u0103, dar nu impermeabil. V\u0103 recomand\u0103m s\u0103 \u00eendep\u0103rta\u021bi acest produs \u00eenainte de a face mi\u0219care, du\u0219 sau \u00eenot.<br \/>Pandantivul vine cu un cordon cerat coreean negru sau maro gata de utilizare. Cordonul cerat are o textur\u0103 str\u0103lucitoare, asem\u0103n\u0103toare cu pielea de \u0219arpe \u0219i este o alternativ\u0103 excelent\u0103, f\u0103r\u0103 uzur\u0103, la piele.<\/p>\n<p>Dimensiuni 37mm x 30mm.<\/p>\n","protected":false},"excerpt":{"rendered":"<p>Pandantiv din lemn cu \u201esemne zodiacale\u201d, prelucrat manual, decor sub forma unui simbol de Berbec.Pandantivul cu semnul zodiacal Berbec este sculptat din lemn ro\u0219u exotic, originar din Africa de Sud-Est, f\u0103c\u00e2nd acest pandantiv de art\u0103 purtabil unic \u0219i unic. Culoarea real\u0103 a produsului poate diferi de fotografia de pe site.Pandantivul este acoperit cu cear\u0103 sau [&hellip;]<\/p>\n","protected":false},"featured_media":2009,"template":"","meta":{"om_disable_all_campaigns":false,"_monsterinsights_skip_tracking":false,"_monsterinsights_sitenote_active":false,"_monsterinsights_sitenote_note":"","_monsterinsights_sitenote_category":0,"site-container-style":"default","site-container-layout":"default","site-sidebar-layout":"default","site-transparent-header":"default","disable-article-header":"default","disable-site-header":"default","disable-site-footer":"default","disable-content-area-spacing":"default"},"product_brand":[],"product_cat":[63],"product_tag":[],"class_list":{"0":"post-2013","1":"product","2":"type-product","3":"status-publish","4":"has-post-thumbnail","6":"product_cat-pandativ","8":"first","9":"instock","10":"shipping-taxable","11":"purchasable","12":"product-type-simple"},"aioseo_notices":[],"_links":{"self":[{"href":"https:\/\/azur-tek.md\/ro\/wp-json\/wp\/v2\/product\/2013","targetHints":{"allow":["GET"]}}],"collection":[{"href":"https:\/\/azur-tek.md\/ro\/wp-json\/wp\/v2\/product"}],"about":[{"href":"https:\/\/azur-tek.md\/ro\/wp-json\/wp\/v2\/types\/product"}],"wp:featuredmedia":[{"embeddable":true,"href":"https:\/\/azur-tek.md\/ro\/wp-json\/wp\/v2\/media\/2009"}],"wp:attachment":[{"href":"https:\/\/azur-tek.md\/ro\/wp-json\/wp\/v2\/media?parent=2013"}],"wp:term":[{"taxonomy":"product_brand","embeddable":true,"href":"https:\/\/azur-tek.md\/ro\/wp-json\/wp\/v2\/product_brand?post=2013"},{"taxonomy":"product_cat","embeddable":true,"href":"https:\/\/azur-tek.md\/ro\/wp-json\/wp\/v2\/product_cat?post=2013"},{"taxonomy":"product_tag","embeddable":true,"href":"https:\/\/azur-tek.md\/ro\/wp-json\/wp\/v2\/product_tag?post=2013"}],"curies":[{"name":"wp","href":"https:\/\/api.w.org\/{rel}","templated":true}]}}