{"id":2029,"date":"2024-11-29T21:50:42","date_gmt":"2024-11-29T19:50:42","guid":{"rendered":"https:\/\/azur-tek.md\/?post_type=product&#038;p=2029"},"modified":"2024-11-29T22:13:01","modified_gmt":"2024-11-29T20:13:01","slug":"mr-002","status":"publish","type":"product","link":"https:\/\/azur-tek.md\/ro\/product\/mr-002\/","title":{"rendered":"Oglind\u0103\u00a0oval\u0103 cu\u00a0ram\u0103 \u00een stil vintage 43&#215;38\u0441\u043c"},"content":{"rendered":"<p><em>Oglind\u0103<\/em>\u00a0oval\u0103 de perete cu\u00a0<em>ram\u0103 <\/em>\u00een stil vintage 43\u00d738cm.<br \/>Aceast\u0103 oglind\u0103 tradi\u021bional\u0103, av\u00e2nd un design baroc clasic, de inspira\u021bie francez\u0103, este \u00eentruchiparea perfect\u0103 a glamourului vintage \u0219i va ad\u0103uga elegan\u021b\u0103 oric\u0103rei \u00eenc\u0103peri.<br \/>Dimensiune: 43&#215;38 cm.<br \/><em>Po\u021bi decora<\/em>:\u00a0deasupra chiuvetei din baie, \u00een dormitorul, camera de zi sau hol.<\/p>\n<p>Orice dimensiune \u0219i propor\u021bie pot fi t\u0103iate, la fel si vopsire in orice culoare la cererea cumparatorului.<\/p>\n","protected":false},"excerpt":{"rendered":"<p>Oglind\u0103\u00a0oval\u0103 de perete cu\u00a0ram\u0103 \u00een stil vintage 43\u00d738cm.Aceast\u0103 oglind\u0103 tradi\u021bional\u0103, av\u00e2nd un design baroc clasic, de inspira\u021bie francez\u0103, este \u00eentruchiparea perfect\u0103 a glamourului vintage \u0219i va ad\u0103uga elegan\u021b\u0103 oric\u0103rei \u00eenc\u0103peri.Dimensiune: 43&#215;38 cm.Po\u021bi decora:\u00a0deasupra chiuvetei din baie, \u00een dormitorul, camera de zi sau hol. Orice dimensiune \u0219i propor\u021bie pot fi t\u0103iate, la fel si vopsire in [&hellip;]<\/p>\n","protected":false},"featured_media":2030,"template":"","meta":{"om_disable_all_campaigns":false,"_monsterinsights_skip_tracking":false,"_monsterinsights_sitenote_active":false,"_monsterinsights_sitenote_note":"","_monsterinsights_sitenote_category":0,"site-container-style":"default","site-container-layout":"default","site-sidebar-layout":"default","site-transparent-header":"default","disable-article-header":"default","disable-site-header":"default","disable-site-footer":"default","disable-content-area-spacing":"default"},"product_brand":[],"product_cat":[41],"product_tag":[],"class_list":{"0":"post-2029","1":"product","2":"type-product","3":"status-publish","4":"has-post-thumbnail","6":"product_cat-other","8":"first","9":"instock","10":"shipping-taxable","11":"purchasable","12":"product-type-simple"},"aioseo_notices":[],"_links":{"self":[{"href":"https:\/\/azur-tek.md\/ro\/wp-json\/wp\/v2\/product\/2029","targetHints":{"allow":["GET"]}}],"collection":[{"href":"https:\/\/azur-tek.md\/ro\/wp-json\/wp\/v2\/product"}],"about":[{"href":"https:\/\/azur-tek.md\/ro\/wp-json\/wp\/v2\/types\/product"}],"wp:featuredmedia":[{"embeddable":true,"href":"https:\/\/azur-tek.md\/ro\/wp-json\/wp\/v2\/media\/2030"}],"wp:attachment":[{"href":"https:\/\/azur-tek.md\/ro\/wp-json\/wp\/v2\/media?parent=2029"}],"wp:term":[{"taxonomy":"product_brand","embeddable":true,"href":"https:\/\/azur-tek.md\/ro\/wp-json\/wp\/v2\/product_brand?post=2029"},{"taxonomy":"product_cat","embeddable":true,"href":"https:\/\/azur-tek.md\/ro\/wp-json\/wp\/v2\/product_cat?post=2029"},{"taxonomy":"product_tag","embeddable":true,"href":"https:\/\/azur-tek.md\/ro\/wp-json\/wp\/v2\/product_tag?post=2029"}],"curies":[{"name":"wp","href":"https:\/\/api.w.org\/{rel}","templated":true}]}}