{"id":2033,"date":"2024-12-01T22:01:42","date_gmt":"2024-12-01T20:01:42","guid":{"rendered":"https:\/\/azur-tek.md\/?post_type=product&#038;p=2033"},"modified":"2024-12-02T11:21:17","modified_gmt":"2024-12-02T09:21:17","slug":"plate1","status":"publish","type":"product","link":"https:\/\/azur-tek.md\/ro\/product\/plate1\/","title":{"rendered":"Bol decorativ din lemn"},"content":{"rendered":"<p>Bol decorativ din lemn este o adev\u0103rat\u0103 oper\u0103 de art\u0103, realizat\u0103 manual din mahon, acoperit\u0103 cu dou\u0103 straturi de lac. Lemnul este dur, rigid, nu crap\u0103 sau deformeaz\u0103 \u0219i are o textur\u0103 foarte frumoas\u0103. Arata foarte bine in interior. Realizat \u00eentr-un singur exemplar.<\/p>\n<p>Dimensiuni: 30x30x7,5cm.<\/p>\n<p><a href=\"https:\/\/meshok.net\/en\/listing?related=%D0%92%D0%B8%D0%BD%D1%82%D0%B0%D0%B6%D0%BD%D0%BE%D0%B5%20%D0%B4%D0%B5%D1%80%D0%B5%D0%B2%D1%8F%D0%BD%D0%BD%D0%BE%D0%B5%20%D1%81%D0%B5%D1%80%D0%B2%D0%B8%D1%80%D0%BE%D0%B2%D0%BE%D1%87%D0%BD%D0%BE%D0%B5%20%D0%B1%D0%BB%D1%8E%D0%B4%D0%BE%20%22%D0%9B%D0%B8%D1%81%D1%82%D0%BE%D0%BA%22.%D0%90%D0%B2%D1%82%D0%BE%D1%80%D1%81%D0%BA%D0%BE%D0%B5%20%D0%BA%D0%BB%D0%B5%D0%B9%D0%BC%D0%BE.%20%D0%93%D0%B0%D0%B8%D1%82%D0%B8.%D0%9A%D1%80%D0%B0%D1%81%D0%BD%D0%BE%D0%B5%20%D0%B4%D0%B5%D1%80%D0%B5%D0%B2%D0%BE.%2050-60%D0%B3%D0%B3.&#038;sort=related&#038;way=desc\"><\/a><\/p>\n","protected":false},"excerpt":{"rendered":"<p>Bol decorativ din lemn este o adev\u0103rat\u0103 oper\u0103 de art\u0103, realizat\u0103 manual din mahon, acoperit\u0103 cu dou\u0103 straturi de lac. Lemnul este dur, rigid, nu crap\u0103 sau deformeaz\u0103 \u0219i are o textur\u0103 foarte frumoas\u0103. Arata foarte bine in interior. Realizat \u00eentr-un singur exemplar. Dimensiuni: 30x30x7,5cm.<\/p>\n","protected":false},"featured_media":2036,"template":"","meta":{"om_disable_all_campaigns":false,"_monsterinsights_skip_tracking":false,"_monsterinsights_sitenote_active":false,"_monsterinsights_sitenote_note":"","_monsterinsights_sitenote_category":0,"site-container-style":"default","site-container-layout":"default","site-sidebar-layout":"default","site-transparent-header":"default","disable-article-header":"default","disable-site-header":"default","disable-site-footer":"default","disable-content-area-spacing":"default"},"product_brand":[],"product_cat":[18],"product_tag":[],"class_list":{"0":"post-2033","1":"product","2":"type-product","3":"status-publish","4":"has-post-thumbnail","6":"product_cat-decor","8":"first","9":"instock","10":"shipping-taxable","11":"purchasable","12":"product-type-simple"},"aioseo_notices":[],"_links":{"self":[{"href":"https:\/\/azur-tek.md\/ro\/wp-json\/wp\/v2\/product\/2033","targetHints":{"allow":["GET"]}}],"collection":[{"href":"https:\/\/azur-tek.md\/ro\/wp-json\/wp\/v2\/product"}],"about":[{"href":"https:\/\/azur-tek.md\/ro\/wp-json\/wp\/v2\/types\/product"}],"wp:featuredmedia":[{"embeddable":true,"href":"https:\/\/azur-tek.md\/ro\/wp-json\/wp\/v2\/media\/2036"}],"wp:attachment":[{"href":"https:\/\/azur-tek.md\/ro\/wp-json\/wp\/v2\/media?parent=2033"}],"wp:term":[{"taxonomy":"product_brand","embeddable":true,"href":"https:\/\/azur-tek.md\/ro\/wp-json\/wp\/v2\/product_brand?post=2033"},{"taxonomy":"product_cat","embeddable":true,"href":"https:\/\/azur-tek.md\/ro\/wp-json\/wp\/v2\/product_cat?post=2033"},{"taxonomy":"product_tag","embeddable":true,"href":"https:\/\/azur-tek.md\/ro\/wp-json\/wp\/v2\/product_tag?post=2033"}],"curies":[{"name":"wp","href":"https:\/\/api.w.org\/{rel}","templated":true}]}}