{"id":2042,"date":"2024-12-03T11:19:08","date_gmt":"2024-12-03T09:19:08","guid":{"rendered":"https:\/\/azur-tek.md\/?post_type=product&#038;p=2042"},"modified":"2024-12-03T11:30:54","modified_gmt":"2024-12-03T09:30:54","slug":"param06","status":"publish","type":"product","link":"https:\/\/azur-tek.md\/ro\/product\/param06\/","title":{"rendered":"Coffee table &#8222;Parametric&#8221;"},"content":{"rendered":"\n<p>Masuta de cafea Parametrica este realizata din placaj de 18 mm de inalt\u0103 calitate.<br>Efectul Parametric 3D \u0219ocheaz\u0103 \u0219i surprinde prin ad\u00e2ncimea sa magnific\u0103. Se va potrivi perfect \u00een orice interior!<\/p>\n\n\n\n<p>Dimensiuni: 140 x 48 x 45 cm.<\/p>\n","protected":false},"excerpt":{"rendered":"<p>Masuta de cafea Parametrica este realizata din placaj de 18 mm de inalt\u0103 calitate.Efectul Parametric 3D \u0219ocheaz\u0103 \u0219i surprinde prin ad\u00e2ncimea sa magnific\u0103. Se va potrivi perfect \u00een orice interior! Dimensiuni: 140 x 48 x 45 cm.<\/p>\n","protected":false},"featured_media":2043,"template":"","meta":{"om_disable_all_campaigns":false,"_monsterinsights_skip_tracking":false,"_monsterinsights_sitenote_active":false,"_monsterinsights_sitenote_note":"","_monsterinsights_sitenote_category":0,"site-container-style":"default","site-container-layout":"default","site-sidebar-layout":"default","site-transparent-header":"default","disable-article-header":"default","disable-site-header":"default","disable-site-footer":"default","disable-content-area-spacing":"default"},"product_brand":[],"product_cat":[53],"product_tag":[],"class_list":{"0":"post-2042","1":"product","2":"type-product","3":"status-publish","4":"has-post-thumbnail","6":"product_cat-furniture","8":"first","9":"onbackorder","10":"shipping-taxable","11":"purchasable","12":"product-type-simple"},"aioseo_notices":[],"_links":{"self":[{"href":"https:\/\/azur-tek.md\/ro\/wp-json\/wp\/v2\/product\/2042","targetHints":{"allow":["GET"]}}],"collection":[{"href":"https:\/\/azur-tek.md\/ro\/wp-json\/wp\/v2\/product"}],"about":[{"href":"https:\/\/azur-tek.md\/ro\/wp-json\/wp\/v2\/types\/product"}],"wp:featuredmedia":[{"embeddable":true,"href":"https:\/\/azur-tek.md\/ro\/wp-json\/wp\/v2\/media\/2043"}],"wp:attachment":[{"href":"https:\/\/azur-tek.md\/ro\/wp-json\/wp\/v2\/media?parent=2042"}],"wp:term":[{"taxonomy":"product_brand","embeddable":true,"href":"https:\/\/azur-tek.md\/ro\/wp-json\/wp\/v2\/product_brand?post=2042"},{"taxonomy":"product_cat","embeddable":true,"href":"https:\/\/azur-tek.md\/ro\/wp-json\/wp\/v2\/product_cat?post=2042"},{"taxonomy":"product_tag","embeddable":true,"href":"https:\/\/azur-tek.md\/ro\/wp-json\/wp\/v2\/product_tag?post=2042"}],"curies":[{"name":"wp","href":"https:\/\/api.w.org\/{rel}","templated":true}]}}