{"id":2046,"date":"2024-12-06T18:04:18","date_gmt":"2024-12-06T16:04:18","guid":{"rendered":"https:\/\/azur-tek.md\/?post_type=product&#038;p=2046"},"modified":"2024-12-06T18:45:00","modified_gmt":"2024-12-06T16:45:00","slug":"table5","status":"publish","type":"product","link":"https:\/\/azur-tek.md\/ro\/product\/table5\/","title":{"rendered":"M\u0103su\u021b\u0103 de cafea cu picior parametric"},"content":{"rendered":"\n<p>M\u0103su\u021b\u0103 de cafea cu picior parametric \u00een form\u0103 de bil\u0103 \u00een suprafa\u021ba superioar\u0103 de sprijin.<br>Posibilitatea de a avea fie unicolor, fie \u00een dou\u0103 (negru, alb).<\/p>\n\n\n\n<p>Dimensiuni: 100 x 45 x 65 cm.<\/p>\n","protected":false},"excerpt":{"rendered":"<p>M\u0103su\u021b\u0103 de cafea cu picior parametric \u00een form\u0103 de bil\u0103 \u00een suprafa\u021ba superioar\u0103 de sprijin.Posibilitatea de a avea fie unicolor, fie \u00een dou\u0103 (negru, alb). Dimensiuni: 100 x 45 x 65 cm.<\/p>\n","protected":false},"featured_media":2047,"template":"","meta":{"om_disable_all_campaigns":false,"_monsterinsights_skip_tracking":false,"_monsterinsights_sitenote_active":false,"_monsterinsights_sitenote_note":"","_monsterinsights_sitenote_category":0,"site-container-style":"default","site-container-layout":"default","site-sidebar-layout":"default","site-transparent-header":"default","disable-article-header":"default","disable-site-header":"default","disable-site-footer":"default","disable-content-area-spacing":"default"},"product_brand":[],"product_cat":[53],"product_tag":[],"class_list":{"0":"post-2046","1":"product","2":"type-product","3":"status-publish","4":"has-post-thumbnail","6":"product_cat-furniture","8":"first","9":"onbackorder","10":"shipping-taxable","11":"purchasable","12":"product-type-simple"},"aioseo_notices":[],"_links":{"self":[{"href":"https:\/\/azur-tek.md\/ro\/wp-json\/wp\/v2\/product\/2046","targetHints":{"allow":["GET"]}}],"collection":[{"href":"https:\/\/azur-tek.md\/ro\/wp-json\/wp\/v2\/product"}],"about":[{"href":"https:\/\/azur-tek.md\/ro\/wp-json\/wp\/v2\/types\/product"}],"wp:featuredmedia":[{"embeddable":true,"href":"https:\/\/azur-tek.md\/ro\/wp-json\/wp\/v2\/media\/2047"}],"wp:attachment":[{"href":"https:\/\/azur-tek.md\/ro\/wp-json\/wp\/v2\/media?parent=2046"}],"wp:term":[{"taxonomy":"product_brand","embeddable":true,"href":"https:\/\/azur-tek.md\/ro\/wp-json\/wp\/v2\/product_brand?post=2046"},{"taxonomy":"product_cat","embeddable":true,"href":"https:\/\/azur-tek.md\/ro\/wp-json\/wp\/v2\/product_cat?post=2046"},{"taxonomy":"product_tag","embeddable":true,"href":"https:\/\/azur-tek.md\/ro\/wp-json\/wp\/v2\/product_tag?post=2046"}],"curies":[{"name":"wp","href":"https:\/\/api.w.org\/{rel}","templated":true}]}}