{"id":2054,"date":"2024-12-10T11:26:40","date_gmt":"2024-12-10T09:26:40","guid":{"rendered":"https:\/\/azur-tek.md\/?post_type=product&#038;p=2054"},"modified":"2024-12-23T23:28:52","modified_gmt":"2024-12-23T21:28:52","slug":"shelf07","status":"publish","type":"product","link":"https:\/\/azur-tek.md\/ro\/product\/shelf07\/","title":{"rendered":"Raft \u00een stil parametric"},"content":{"rendered":"<p>Raft original \u00een stil parametric. Designul unic astfel de raft nu numai c\u0103 v\u0103 va decora interiorul, ci va atrage aten\u021bia asupra obiectelor de art\u0103 care pot fi adaug\u0103te pe acest raft.<\/p>\n","protected":false},"excerpt":{"rendered":"<p>Raft original \u00een stil parametric. Designul unic astfel de raft nu numai c\u0103 v\u0103 va decora interiorul, ci va atrage aten\u021bia asupra obiectelor de art\u0103 care pot fi adaug\u0103te pe acest raft.<\/p>\n","protected":false},"featured_media":2057,"template":"","meta":{"om_disable_all_campaigns":false,"_monsterinsights_skip_tracking":false,"_monsterinsights_sitenote_active":false,"_monsterinsights_sitenote_note":"","_monsterinsights_sitenote_category":0,"site-container-style":"default","site-container-layout":"default","site-sidebar-layout":"default","site-transparent-header":"default","disable-article-header":"default","disable-site-header":"default","disable-site-footer":"default","disable-content-area-spacing":"default"},"product_brand":[],"product_cat":[53],"product_tag":[],"class_list":{"0":"post-2054","1":"product","2":"type-product","3":"status-publish","4":"has-post-thumbnail","6":"product_cat-furniture","8":"first","9":"onbackorder","10":"shipping-taxable","11":"purchasable","12":"product-type-simple"},"aioseo_notices":[],"_links":{"self":[{"href":"https:\/\/azur-tek.md\/ro\/wp-json\/wp\/v2\/product\/2054","targetHints":{"allow":["GET"]}}],"collection":[{"href":"https:\/\/azur-tek.md\/ro\/wp-json\/wp\/v2\/product"}],"about":[{"href":"https:\/\/azur-tek.md\/ro\/wp-json\/wp\/v2\/types\/product"}],"wp:featuredmedia":[{"embeddable":true,"href":"https:\/\/azur-tek.md\/ro\/wp-json\/wp\/v2\/media\/2057"}],"wp:attachment":[{"href":"https:\/\/azur-tek.md\/ro\/wp-json\/wp\/v2\/media?parent=2054"}],"wp:term":[{"taxonomy":"product_brand","embeddable":true,"href":"https:\/\/azur-tek.md\/ro\/wp-json\/wp\/v2\/product_brand?post=2054"},{"taxonomy":"product_cat","embeddable":true,"href":"https:\/\/azur-tek.md\/ro\/wp-json\/wp\/v2\/product_cat?post=2054"},{"taxonomy":"product_tag","embeddable":true,"href":"https:\/\/azur-tek.md\/ro\/wp-json\/wp\/v2\/product_tag?post=2054"}],"curies":[{"name":"wp","href":"https:\/\/api.w.org\/{rel}","templated":true}]}}