{"id":2058,"date":"2024-12-10T23:49:52","date_gmt":"2024-12-10T21:49:52","guid":{"rendered":"https:\/\/azur-tek.md\/?post_type=product&#038;p=2058"},"modified":"2024-12-11T00:12:18","modified_gmt":"2024-12-10T22:12:18","slug":"param08","status":"publish","type":"product","link":"https:\/\/azur-tek.md\/ro\/product\/param08\/","title":{"rendered":"Scaunul Parametric"},"content":{"rendered":"\n<p>Scaunul Parametric prezint\u0103 un model geometric complicat sculptat \u00een lemn de \u00eenalt\u0103 calitate, cre\u00e2nd o pies\u0103 vizual uimitoare \u0219i func\u021bional\u0103 pentru orice camer\u0103. Cu designul s\u0103u unic \u0219i m\u0103iestria impecabil\u0103, acest scaun va ad\u0103uga elegan\u021b\u0103 modern\u0103 interiorului t\u0103u.<\/p>\n\n\n\n<p>Dimensiuni: 39 x 39 x 45 cm.<\/p>\n","protected":false},"excerpt":{"rendered":"<p>Scaunul Parametric prezint\u0103 un model geometric complicat sculptat \u00een lemn de \u00eenalt\u0103 calitate, cre\u00e2nd o pies\u0103 vizual uimitoare \u0219i func\u021bional\u0103 pentru orice camer\u0103. Cu designul s\u0103u unic \u0219i m\u0103iestria impecabil\u0103, acest scaun va ad\u0103uga elegan\u021b\u0103 modern\u0103 interiorului t\u0103u. Dimensiuni: 39 x 39 x 45 cm.<\/p>\n","protected":false},"featured_media":2061,"template":"","meta":{"om_disable_all_campaigns":false,"_monsterinsights_skip_tracking":false,"_monsterinsights_sitenote_active":false,"_monsterinsights_sitenote_note":"","_monsterinsights_sitenote_category":0,"site-container-style":"default","site-container-layout":"default","site-sidebar-layout":"default","site-transparent-header":"default","disable-article-header":"default","disable-site-header":"default","disable-site-footer":"default","disable-content-area-spacing":"default"},"product_brand":[],"product_cat":[53],"product_tag":[],"class_list":{"0":"post-2058","1":"product","2":"type-product","3":"status-publish","4":"has-post-thumbnail","6":"product_cat-furniture","8":"first","9":"onbackorder","10":"shipping-taxable","11":"purchasable","12":"product-type-simple"},"aioseo_notices":[],"_links":{"self":[{"href":"https:\/\/azur-tek.md\/ro\/wp-json\/wp\/v2\/product\/2058","targetHints":{"allow":["GET"]}}],"collection":[{"href":"https:\/\/azur-tek.md\/ro\/wp-json\/wp\/v2\/product"}],"about":[{"href":"https:\/\/azur-tek.md\/ro\/wp-json\/wp\/v2\/types\/product"}],"wp:featuredmedia":[{"embeddable":true,"href":"https:\/\/azur-tek.md\/ro\/wp-json\/wp\/v2\/media\/2061"}],"wp:attachment":[{"href":"https:\/\/azur-tek.md\/ro\/wp-json\/wp\/v2\/media?parent=2058"}],"wp:term":[{"taxonomy":"product_brand","embeddable":true,"href":"https:\/\/azur-tek.md\/ro\/wp-json\/wp\/v2\/product_brand?post=2058"},{"taxonomy":"product_cat","embeddable":true,"href":"https:\/\/azur-tek.md\/ro\/wp-json\/wp\/v2\/product_cat?post=2058"},{"taxonomy":"product_tag","embeddable":true,"href":"https:\/\/azur-tek.md\/ro\/wp-json\/wp\/v2\/product_tag?post=2058"}],"curies":[{"name":"wp","href":"https:\/\/api.w.org\/{rel}","templated":true}]}}