{"id":2091,"date":"2024-12-24T10:44:02","date_gmt":"2024-12-24T08:44:02","guid":{"rendered":"https:\/\/azur-tek.md\/?post_type=product&#038;p=2091"},"modified":"2024-12-24T11:52:48","modified_gmt":"2024-12-24T09:52:48","slug":"octopus-wall-decor","status":"publish","type":"product","link":"https:\/\/azur-tek.md\/ro\/product\/octopus-wall-decor\/","title":{"rendered":"Octopus din lemn"},"content":{"rendered":"<p>Decor de perete sub form\u0103 de caracati\u021b\u0103. Sculptura este realizata din lemn de pin \u0219i are o structura foarte clar definita. O adev\u0103rat\u0103 oper\u0103 de art\u0103 este lustruit\u0103 cu cear\u0103 sau ulei cu o tent\u0103 maro, \u0219i acoperit\u0103 cu doua straturi de lac. Ideal pentru a face interiorul casei tale mai atractiv. Exist\u0103 un c\u00e2rlig pe spate pentru ag\u0103\u021bat pe perete. <br \/>Putem realiza si alte obiecte din lemn la comanda: ciuperci, cactusi, pasari, dragoni si nu numai. <br \/>Dac\u0103 dori\u021bi o alt\u0103 culoare sau o dimensiune mai mare, v\u0103 rug\u0103m s\u0103 ne contacta\u021bi. <br \/>Dimensiuni: 400 x 450 x 40mm<\/p>\n<p>\u0420\u0430\u0437\u043c\u0435\u0440\u044b: 400 x 450 x 40\u043c\u043c<\/p>\n","protected":false},"excerpt":{"rendered":"<p>Decor de perete sub form\u0103 de caracati\u021b\u0103. Sculptura este realizata din lemn de pin \u0219i are o structura foarte clar definita. O adev\u0103rat\u0103 oper\u0103 de art\u0103 este lustruit\u0103 cu cear\u0103 sau ulei cu o tent\u0103 maro, \u0219i acoperit\u0103 cu doua straturi de lac. Ideal pentru a face interiorul casei tale mai atractiv. Exist\u0103 un c\u00e2rlig [&hellip;]<\/p>\n","protected":false},"featured_media":2092,"template":"","meta":{"om_disable_all_campaigns":false,"_monsterinsights_skip_tracking":false,"_monsterinsights_sitenote_active":false,"_monsterinsights_sitenote_note":"","_monsterinsights_sitenote_category":0,"site-container-style":"default","site-container-layout":"default","site-sidebar-layout":"default","site-transparent-header":"default","disable-article-header":"default","disable-site-header":"default","disable-site-footer":"default","disable-content-area-spacing":"default"},"product_brand":[],"product_cat":[18],"product_tag":[],"class_list":{"0":"post-2091","1":"product","2":"type-product","3":"status-publish","4":"has-post-thumbnail","6":"product_cat-decor","8":"first","9":"instock","10":"shipping-taxable","11":"purchasable","12":"product-type-simple"},"aioseo_notices":[],"_links":{"self":[{"href":"https:\/\/azur-tek.md\/ro\/wp-json\/wp\/v2\/product\/2091","targetHints":{"allow":["GET"]}}],"collection":[{"href":"https:\/\/azur-tek.md\/ro\/wp-json\/wp\/v2\/product"}],"about":[{"href":"https:\/\/azur-tek.md\/ro\/wp-json\/wp\/v2\/types\/product"}],"wp:featuredmedia":[{"embeddable":true,"href":"https:\/\/azur-tek.md\/ro\/wp-json\/wp\/v2\/media\/2092"}],"wp:attachment":[{"href":"https:\/\/azur-tek.md\/ro\/wp-json\/wp\/v2\/media?parent=2091"}],"wp:term":[{"taxonomy":"product_brand","embeddable":true,"href":"https:\/\/azur-tek.md\/ro\/wp-json\/wp\/v2\/product_brand?post=2091"},{"taxonomy":"product_cat","embeddable":true,"href":"https:\/\/azur-tek.md\/ro\/wp-json\/wp\/v2\/product_cat?post=2091"},{"taxonomy":"product_tag","embeddable":true,"href":"https:\/\/azur-tek.md\/ro\/wp-json\/wp\/v2\/product_tag?post=2091"}],"curies":[{"name":"wp","href":"https:\/\/api.w.org\/{rel}","templated":true}]}}