{"id":2156,"date":"2024-12-26T14:04:21","date_gmt":"2024-12-26T12:04:21","guid":{"rendered":"https:\/\/azur-tek.md\/?post_type=product&#038;p=2156"},"modified":"2024-12-27T22:27:40","modified_gmt":"2024-12-27T20:27:40","slug":"wicked01","status":"publish","type":"product","link":"https:\/\/azur-tek.md\/ro\/product\/wicked01\/","title":{"rendered":"Vr\u0103jitoare fermec\u0103toare"},"content":{"rendered":"<p>Figurin\u0103 suvenir din lemn \u201eVr\u0103jitoare fermec\u0103toare\u201d. Un cadou grozav pentru 2 surori sau prietene.<br \/>Toate figurinele suvenir t\u0103iate dintr-o singur\u0103 bucat\u0103 de lemn sunt exclusive, deoarece textura lemnului este unic\u0103. Cadourile din lemn lucrate manual arat\u0103 grozav pe un suport gravat, comandati prealabil.<br \/>Dimensiuni: 25x21x2.5cm<\/p>\n","protected":false},"excerpt":{"rendered":"<p>Figurin\u0103 suvenir din lemn \u201eVr\u0103jitoare fermec\u0103toare\u201d. Un cadou grozav pentru 2 surori sau prietene.Toate figurinele suvenir t\u0103iate dintr-o singur\u0103 bucat\u0103 de lemn sunt exclusive, deoarece textura lemnului este unic\u0103. Cadourile din lemn lucrate manual arat\u0103 grozav pe un suport gravat, comandati prealabil.Dimensiuni: 25x21x2.5cm<\/p>\n","protected":false},"featured_media":2158,"template":"","meta":{"om_disable_all_campaigns":false,"_monsterinsights_skip_tracking":false,"_monsterinsights_sitenote_active":false,"_monsterinsights_sitenote_note":"","_monsterinsights_sitenote_category":0,"site-container-style":"default","site-container-layout":"default","site-sidebar-layout":"default","site-transparent-header":"default","disable-article-header":"default","disable-site-header":"default","disable-site-footer":"default","disable-content-area-spacing":"default"},"product_brand":[],"product_cat":[31],"product_tag":[],"class_list":{"0":"post-2156","1":"product","2":"type-product","3":"status-publish","4":"has-post-thumbnail","6":"product_cat-toys","8":"first","9":"instock","10":"shipping-taxable","11":"purchasable","12":"product-type-simple"},"aioseo_notices":[],"_links":{"self":[{"href":"https:\/\/azur-tek.md\/ro\/wp-json\/wp\/v2\/product\/2156","targetHints":{"allow":["GET"]}}],"collection":[{"href":"https:\/\/azur-tek.md\/ro\/wp-json\/wp\/v2\/product"}],"about":[{"href":"https:\/\/azur-tek.md\/ro\/wp-json\/wp\/v2\/types\/product"}],"wp:featuredmedia":[{"embeddable":true,"href":"https:\/\/azur-tek.md\/ro\/wp-json\/wp\/v2\/media\/2158"}],"wp:attachment":[{"href":"https:\/\/azur-tek.md\/ro\/wp-json\/wp\/v2\/media?parent=2156"}],"wp:term":[{"taxonomy":"product_brand","embeddable":true,"href":"https:\/\/azur-tek.md\/ro\/wp-json\/wp\/v2\/product_brand?post=2156"},{"taxonomy":"product_cat","embeddable":true,"href":"https:\/\/azur-tek.md\/ro\/wp-json\/wp\/v2\/product_cat?post=2156"},{"taxonomy":"product_tag","embeddable":true,"href":"https:\/\/azur-tek.md\/ro\/wp-json\/wp\/v2\/product_tag?post=2156"}],"curies":[{"name":"wp","href":"https:\/\/api.w.org\/{rel}","templated":true}]}}