{"id":2167,"date":"2024-12-26T14:41:24","date_gmt":"2024-12-26T12:41:24","guid":{"rendered":"https:\/\/azur-tek.md\/?post_type=product&#038;p=2167"},"modified":"2024-12-26T17:12:16","modified_gmt":"2024-12-26T15:12:16","slug":"angel09","status":"publish","type":"product","link":"https:\/\/azur-tek.md\/ro\/product\/angel09\/","title":{"rendered":"\u00cenger din lemn"},"content":{"rendered":"<p>Figurina este realizat\u0103 din stejar,\u00a0acoperit\u0103 cu ulei. Inima este t\u0103iat\u0103, pictat\u0103 cu vopsea artistic\u0103 \u0219i introdus\u0103 pe locul potrivit. Se poate grava \u00een partea de jos a produsului.<\/p>\n<p>Dimensiuni: 11x12x2cm<\/p>\n","protected":false},"excerpt":{"rendered":"<p>Figurina este realizat\u0103 din stejar,\u00a0acoperit\u0103 cu ulei. Inima este t\u0103iat\u0103, pictat\u0103 cu vopsea artistic\u0103 \u0219i introdus\u0103 pe locul potrivit. Se poate grava \u00een partea de jos a produsului. Dimensiuni: 11x12x2cm<\/p>\n","protected":false},"featured_media":2169,"template":"","meta":{"om_disable_all_campaigns":false,"_monsterinsights_skip_tracking":false,"_monsterinsights_sitenote_active":false,"_monsterinsights_sitenote_note":"","_monsterinsights_sitenote_category":0,"site-container-style":"default","site-container-layout":"default","site-sidebar-layout":"default","site-transparent-header":"default","disable-article-header":"default","disable-site-header":"default","disable-site-footer":"default","disable-content-area-spacing":"default"},"product_brand":[],"product_cat":[31],"product_tag":[],"class_list":{"0":"post-2167","1":"product","2":"type-product","3":"status-publish","4":"has-post-thumbnail","6":"product_cat-toys","8":"first","9":"instock","10":"shipping-taxable","11":"purchasable","12":"product-type-simple"},"aioseo_notices":[],"_links":{"self":[{"href":"https:\/\/azur-tek.md\/ro\/wp-json\/wp\/v2\/product\/2167","targetHints":{"allow":["GET"]}}],"collection":[{"href":"https:\/\/azur-tek.md\/ro\/wp-json\/wp\/v2\/product"}],"about":[{"href":"https:\/\/azur-tek.md\/ro\/wp-json\/wp\/v2\/types\/product"}],"wp:featuredmedia":[{"embeddable":true,"href":"https:\/\/azur-tek.md\/ro\/wp-json\/wp\/v2\/media\/2169"}],"wp:attachment":[{"href":"https:\/\/azur-tek.md\/ro\/wp-json\/wp\/v2\/media?parent=2167"}],"wp:term":[{"taxonomy":"product_brand","embeddable":true,"href":"https:\/\/azur-tek.md\/ro\/wp-json\/wp\/v2\/product_brand?post=2167"},{"taxonomy":"product_cat","embeddable":true,"href":"https:\/\/azur-tek.md\/ro\/wp-json\/wp\/v2\/product_cat?post=2167"},{"taxonomy":"product_tag","embeddable":true,"href":"https:\/\/azur-tek.md\/ro\/wp-json\/wp\/v2\/product_tag?post=2167"}],"curies":[{"name":"wp","href":"https:\/\/api.w.org\/{rel}","templated":true}]}}