{"id":2172,"date":"2025-01-04T11:28:07","date_gmt":"2025-01-04T09:28:07","guid":{"rendered":"https:\/\/azur-tek.md\/?post_type=product&#038;p=2172"},"modified":"2025-01-04T11:50:25","modified_gmt":"2025-01-04T09:50:25","slug":"s007","status":"publish","type":"product","link":"https:\/\/azur-tek.md\/ro\/product\/s007\/","title":{"rendered":"Suporturi push-up (parale\u021bi)"},"content":{"rendered":"<p>Suporturile push-up sunt un echipament sportiv indispensabil pentru casa.<br \/>Tu \u00eensu\u021bi reglezi l\u0103\u021bimea bra\u021belor \u0219i alegi ce mu\u0219chi s\u0103 antrenezi ast\u0103zi.<br \/>&#8211; Suporturile si bara transversala sunt din lemn, ceea ce previne alunecarea palmelor.<br \/>&#8211; Picioarele din cauciuc fixeaz\u0103 ferm parale\u021bii pe toate tipurile de pardoseli \u0219i nu le zg\u00e2ria.<br \/>&#8211; Lungime &#8211; 27 cm. Diametrul m\u00e2nerului de 38 mm ofer\u0103 o prindere confortabil\u0103 \u0219i sigur\u0103.<br \/>&#8211; Suporturile noastre de gimnastic\u0103 pot rezista la o sarcin\u0103 de 200 kg.<br \/>Plictisit de flot\u0103ri? St\u0103p\u00e2ne\u0219te pozi\u021bia pe\u00a0m\u00e2ini sau col\u021b \u0219i arde-\u021bi abdomenul!<br \/>Parale\u021bi vor fi un cadou excelent de ziua de nastere pentru un barbat, iubit sau prieten.<\/p>\n<p>Sa ave\u021bi un antrenament productiv!<\/p>\n","protected":false},"excerpt":{"rendered":"<p>Suporturile push-up sunt un echipament sportiv indispensabil pentru casa.Tu \u00eensu\u021bi reglezi l\u0103\u021bimea bra\u021belor \u0219i alegi ce mu\u0219chi s\u0103 antrenezi ast\u0103zi.&#8211; Suporturile si bara transversala sunt din lemn, ceea ce previne alunecarea palmelor.&#8211; Picioarele din cauciuc fixeaz\u0103 ferm parale\u021bii pe toate tipurile de pardoseli \u0219i nu le zg\u00e2ria.&#8211; Lungime &#8211; 27 cm. Diametrul m\u00e2nerului de 38 [&hellip;]<\/p>\n","protected":false},"featured_media":2175,"template":"","meta":{"om_disable_all_campaigns":false,"_monsterinsights_skip_tracking":false,"_monsterinsights_sitenote_active":false,"_monsterinsights_sitenote_note":"","_monsterinsights_sitenote_category":0,"site-container-style":"default","site-container-layout":"default","site-sidebar-layout":"default","site-transparent-header":"default","disable-article-header":"default","disable-site-header":"default","disable-site-footer":"default","disable-content-area-spacing":"default"},"product_brand":[],"product_cat":[42],"product_tag":[],"class_list":{"0":"post-2172","1":"product","2":"type-product","3":"status-publish","4":"has-post-thumbnail","6":"product_cat-sport","8":"first","9":"instock","10":"shipping-taxable","11":"purchasable","12":"product-type-simple"},"aioseo_notices":[],"_links":{"self":[{"href":"https:\/\/azur-tek.md\/ro\/wp-json\/wp\/v2\/product\/2172","targetHints":{"allow":["GET"]}}],"collection":[{"href":"https:\/\/azur-tek.md\/ro\/wp-json\/wp\/v2\/product"}],"about":[{"href":"https:\/\/azur-tek.md\/ro\/wp-json\/wp\/v2\/types\/product"}],"wp:featuredmedia":[{"embeddable":true,"href":"https:\/\/azur-tek.md\/ro\/wp-json\/wp\/v2\/media\/2175"}],"wp:attachment":[{"href":"https:\/\/azur-tek.md\/ro\/wp-json\/wp\/v2\/media?parent=2172"}],"wp:term":[{"taxonomy":"product_brand","embeddable":true,"href":"https:\/\/azur-tek.md\/ro\/wp-json\/wp\/v2\/product_brand?post=2172"},{"taxonomy":"product_cat","embeddable":true,"href":"https:\/\/azur-tek.md\/ro\/wp-json\/wp\/v2\/product_cat?post=2172"},{"taxonomy":"product_tag","embeddable":true,"href":"https:\/\/azur-tek.md\/ro\/wp-json\/wp\/v2\/product_tag?post=2172"}],"curies":[{"name":"wp","href":"https:\/\/api.w.org\/{rel}","templated":true}]}}