{"id":2182,"date":"2025-01-08T23:53:35","date_gmt":"2025-01-08T21:53:35","guid":{"rendered":"https:\/\/azur-tek.md\/?post_type=product&#038;p=2182"},"modified":"2025-01-11T19:16:36","modified_gmt":"2025-01-11T17:16:36","slug":"gorgona","status":"publish","type":"product","link":"https:\/\/azur-tek.md\/ro\/product\/gorgona\/","title":{"rendered":"Medusa Gorgon din lemn"},"content":{"rendered":"<p>Decor de perete sub form\u0103 de gorgon\u0103. Medusa Gorgona personific\u0103 determinarea, puterea, voin\u021ba, \u00eencrederea \u00een sine \u0219i dorin\u021ba de a c\u00e2\u0219tiga.<br \/>Decorul de perete din lemn este o alegere excelent\u0103 pentru cei care apreciaz\u0103 ecologia, naturale\u021bea \u0219i doresc s\u0103 aduc\u0103 o atmosfer\u0103 special\u0103 de confort \u0219i c\u0103ldur\u0103 \u00een interiorul lor sau s\u0103 decoreze camera cu un element decorativ creativ. Sculptura este realizata din lemn de pin si are o structura foarte clar definita.<br \/>O adev\u0103rat\u0103 oper\u0103 de art\u0103 este lustruit\u0103 cu cear\u0103 sau ulei maro \u0219i acoperit\u0103 cu un strat dublu de lac.<br \/>Exist\u0103 un c\u00e2rlig pe spate pentru ag\u0103\u021bat pe perete.<br \/>Putem realiza si alte obiecte din lemn la comanda: ciuperci, cactusi, pasari, dragoni si nu numai. <br \/>Dac\u0103 dori\u021bi o alt\u0103 culoare sau o dimensiune mai mare, v\u0103 rug\u0103m s\u0103 ne contacta\u021bi. <\/p>\n<p>Dimensiuni: 450 x 450 x 40mm<\/p>\n","protected":false},"excerpt":{"rendered":"<p>Decor de perete sub form\u0103 de gorgon\u0103. Medusa Gorgona personific\u0103 determinarea, puterea, voin\u021ba, \u00eencrederea \u00een sine \u0219i dorin\u021ba de a c\u00e2\u0219tiga.Decorul de perete din lemn este o alegere excelent\u0103 pentru cei care apreciaz\u0103 ecologia, naturale\u021bea \u0219i doresc s\u0103 aduc\u0103 o atmosfer\u0103 special\u0103 de confort \u0219i c\u0103ldur\u0103 \u00een interiorul lor sau s\u0103 decoreze camera cu un [&hellip;]<\/p>\n","protected":false},"featured_media":2183,"template":"","meta":{"om_disable_all_campaigns":false,"_monsterinsights_skip_tracking":false,"_monsterinsights_sitenote_active":false,"_monsterinsights_sitenote_note":"","_monsterinsights_sitenote_category":0,"site-container-style":"default","site-container-layout":"default","site-sidebar-layout":"default","site-transparent-header":"default","disable-article-header":"default","disable-site-header":"default","disable-site-footer":"default","disable-content-area-spacing":"default"},"product_brand":[],"product_cat":[18],"product_tag":[],"class_list":{"0":"post-2182","1":"product","2":"type-product","3":"status-publish","4":"has-post-thumbnail","6":"product_cat-decor","8":"first","9":"instock","10":"shipping-taxable","11":"purchasable","12":"product-type-simple"},"aioseo_notices":[],"_links":{"self":[{"href":"https:\/\/azur-tek.md\/ro\/wp-json\/wp\/v2\/product\/2182","targetHints":{"allow":["GET"]}}],"collection":[{"href":"https:\/\/azur-tek.md\/ro\/wp-json\/wp\/v2\/product"}],"about":[{"href":"https:\/\/azur-tek.md\/ro\/wp-json\/wp\/v2\/types\/product"}],"wp:featuredmedia":[{"embeddable":true,"href":"https:\/\/azur-tek.md\/ro\/wp-json\/wp\/v2\/media\/2183"}],"wp:attachment":[{"href":"https:\/\/azur-tek.md\/ro\/wp-json\/wp\/v2\/media?parent=2182"}],"wp:term":[{"taxonomy":"product_brand","embeddable":true,"href":"https:\/\/azur-tek.md\/ro\/wp-json\/wp\/v2\/product_brand?post=2182"},{"taxonomy":"product_cat","embeddable":true,"href":"https:\/\/azur-tek.md\/ro\/wp-json\/wp\/v2\/product_cat?post=2182"},{"taxonomy":"product_tag","embeddable":true,"href":"https:\/\/azur-tek.md\/ro\/wp-json\/wp\/v2\/product_tag?post=2182"}],"curies":[{"name":"wp","href":"https:\/\/api.w.org\/{rel}","templated":true}]}}