{"id":2184,"date":"2025-01-11T18:13:45","date_gmt":"2025-01-11T16:13:45","guid":{"rendered":"https:\/\/azur-tek.md\/?post_type=product&#038;p=2184"},"modified":"2025-01-11T19:22:56","modified_gmt":"2025-01-11T17:22:56","slug":"wb-52220","status":"publish","type":"product","link":"https:\/\/azur-tek.md\/ro\/product\/wb-52220\/","title":{"rendered":"Plac\u0103 de t\u0103iat WB-52220"},"content":{"rendered":"<p>Placa de t\u0103iat WB-52220 este fabricat\u0103 din zada &#8211; un lemn nobil, caracterizat prin duritate \u0219i durabilitate crescute. Placa este u\u0219or de utilizat, ofer\u0103 o t\u0103iere confortabil\u0103 a produselor \u0219i nu necesit\u0103 \u00eengrijire special\u0103. Produsul are o form\u0103 dreptunghiular\u0103 \u0219i un design pl\u0103cut.<br \/>Tabla de t\u0103iat nu are un impact negativ asupra ascu\u021bitului cu\u021bitelor \u0219i nu absoarbe mirosurile nepl\u0103cute. Nu este recomandat s\u0103-l sp\u0103la\u021bi \u00een ma\u0219ina de sp\u0103lat vase. O dat\u0103 la trei luni, placa trebuie lubrifiat\u0103 cu ulei mineral special sau vegetal \u00eenc\u0103lzit.<br \/>Dimensiuni: 260mm x 357mm x 20mm.<\/p>\n","protected":false},"excerpt":{"rendered":"<p>Placa de t\u0103iat WB-52220 este fabricat\u0103 din zada &#8211; un lemn nobil, caracterizat prin duritate \u0219i durabilitate crescute. Placa este u\u0219or de utilizat, ofer\u0103 o t\u0103iere confortabil\u0103 a produselor \u0219i nu necesit\u0103 \u00eengrijire special\u0103. Produsul are o form\u0103 dreptunghiular\u0103 \u0219i un design pl\u0103cut.Tabla de t\u0103iat nu are un impact negativ asupra ascu\u021bitului cu\u021bitelor \u0219i nu [&hellip;]<\/p>\n","protected":false},"featured_media":2185,"template":"","meta":{"om_disable_all_campaigns":false,"_monsterinsights_skip_tracking":false,"_monsterinsights_sitenote_active":false,"_monsterinsights_sitenote_note":"","_monsterinsights_sitenote_category":0,"site-container-style":"default","site-container-layout":"default","site-sidebar-layout":"default","site-transparent-header":"default","disable-article-header":"default","disable-site-header":"default","disable-site-footer":"default","disable-content-area-spacing":"default"},"product_brand":[],"product_cat":[32],"product_tag":[],"class_list":{"0":"post-2184","1":"product","2":"type-product","3":"status-publish","4":"has-post-thumbnail","6":"product_cat-table","8":"first","9":"instock","10":"shipping-taxable","11":"purchasable","12":"product-type-simple"},"aioseo_notices":[],"_links":{"self":[{"href":"https:\/\/azur-tek.md\/ro\/wp-json\/wp\/v2\/product\/2184","targetHints":{"allow":["GET"]}}],"collection":[{"href":"https:\/\/azur-tek.md\/ro\/wp-json\/wp\/v2\/product"}],"about":[{"href":"https:\/\/azur-tek.md\/ro\/wp-json\/wp\/v2\/types\/product"}],"wp:featuredmedia":[{"embeddable":true,"href":"https:\/\/azur-tek.md\/ro\/wp-json\/wp\/v2\/media\/2185"}],"wp:attachment":[{"href":"https:\/\/azur-tek.md\/ro\/wp-json\/wp\/v2\/media?parent=2184"}],"wp:term":[{"taxonomy":"product_brand","embeddable":true,"href":"https:\/\/azur-tek.md\/ro\/wp-json\/wp\/v2\/product_brand?post=2184"},{"taxonomy":"product_cat","embeddable":true,"href":"https:\/\/azur-tek.md\/ro\/wp-json\/wp\/v2\/product_cat?post=2184"},{"taxonomy":"product_tag","embeddable":true,"href":"https:\/\/azur-tek.md\/ro\/wp-json\/wp\/v2\/product_tag?post=2184"}],"curies":[{"name":"wp","href":"https:\/\/api.w.org\/{rel}","templated":true}]}}