{"id":2209,"date":"2025-01-26T20:21:23","date_gmt":"2025-01-26T18:21:23","guid":{"rendered":"https:\/\/azur-tek.md\/?post_type=product&#038;p=2209"},"modified":"2025-01-26T21:51:16","modified_gmt":"2025-01-26T19:51:16","slug":"cattoy2","status":"publish","type":"product","link":"https:\/\/azur-tek.md\/ro\/product\/cattoy2\/","title":{"rendered":"Juc\u0103rie piramid\u0103 pentru pisici 2 niveluri"},"content":{"rendered":"<p>O juc\u0103rie pentru pisici din lemn natural se \u00eencadreaz\u0103 perfect \u00een interior, este eco si sigura. Fabricat din lemn natural, sigur si stabil. Ideal ca cadou pentru o cas\u0103 cu o pisic\u0103 de orice ras\u0103.<br \/>Dac\u0103 vrei s\u0103 fii fericit pentru \u201ecea cu coad\u0103\u201d, atunci po\u021bi s\u0103 arunci o privire mai atent\u0103 la aceast\u0103 activitate distractiv\u0103. Suntem siguri c\u0103 animalul dvs. de companie va aprecia acest biliard.<br \/><a href=\"https:\/\/www.wildberries.ru\/catalog\/137580396\/detail.aspx?utm_source=wbguru&#038;utm_campaign=regular&#038;utm_content=%D0%92+%D0%9F%D0%BE%D0%B4%D0%BC%D0%BE%D1%81%D0%BA%D0%BE%D0%B2%D1%8C%D0%B5+%D0%BF%D1%80%D0%BE%D0%B8%D0%B7%D0%B2%D0%BE%D0%B4%D1%8F%D1%82+%D0%B8%D0%B3%D1%80%D1%83%D1%88%D0%BA%D1%83+%D0%B4%D0%BB%D1%8F+%D0%BA%D0%BE%D1%82%D0%BE%D0%B2%2C+%D1%80%D0%B0%D0%B7%D0%B2%D0%B8%D0%B2%D0%B0%D1%8E%D1%89%D0%B8%D0%B9+%D0%BE%D1%85%D0%BE%D1%82%D0%BD%D0%B8%D1%87%D0%B8%D0%B9+%D0%B8%D0%BD%D1%81%D1%82%D0%B8%D0%BD%D0%BA%D1%82&#038;targetUrl=wg&#038;analyticsCode=GIT%7CCR%7CDF%7Carticle%7C34527%7C15637%7CStandart&#038;externalSource=guru.wildberries.ru\"><\/a><\/p>\n","protected":false},"excerpt":{"rendered":"<p>O juc\u0103rie pentru pisici din lemn natural se \u00eencadreaz\u0103 perfect \u00een interior, este eco si sigura. Fabricat din lemn natural, sigur si stabil. Ideal ca cadou pentru o cas\u0103 cu o pisic\u0103 de orice ras\u0103.Dac\u0103 vrei s\u0103 fii fericit pentru \u201ecea cu coad\u0103\u201d, atunci po\u021bi s\u0103 arunci o privire mai atent\u0103 la aceast\u0103 activitate distractiv\u0103. [&hellip;]<\/p>\n","protected":false},"featured_media":2213,"template":"","meta":{"om_disable_all_campaigns":false,"_monsterinsights_skip_tracking":false,"_monsterinsights_sitenote_active":false,"_monsterinsights_sitenote_note":"","_monsterinsights_sitenote_category":0,"site-container-style":"default","site-container-layout":"default","site-sidebar-layout":"default","site-transparent-header":"default","disable-article-header":"default","disable-site-header":"default","disable-site-footer":"default","disable-content-area-spacing":"default"},"product_brand":[],"product_cat":[41,31],"product_tag":[],"class_list":{"0":"post-2209","1":"product","2":"type-product","3":"status-publish","4":"has-post-thumbnail","6":"product_cat-other","7":"product_cat-toys","9":"first","10":"instock","11":"shipping-taxable","12":"purchasable","13":"product-type-simple"},"aioseo_notices":[],"_links":{"self":[{"href":"https:\/\/azur-tek.md\/ro\/wp-json\/wp\/v2\/product\/2209","targetHints":{"allow":["GET"]}}],"collection":[{"href":"https:\/\/azur-tek.md\/ro\/wp-json\/wp\/v2\/product"}],"about":[{"href":"https:\/\/azur-tek.md\/ro\/wp-json\/wp\/v2\/types\/product"}],"wp:featuredmedia":[{"embeddable":true,"href":"https:\/\/azur-tek.md\/ro\/wp-json\/wp\/v2\/media\/2213"}],"wp:attachment":[{"href":"https:\/\/azur-tek.md\/ro\/wp-json\/wp\/v2\/media?parent=2209"}],"wp:term":[{"taxonomy":"product_brand","embeddable":true,"href":"https:\/\/azur-tek.md\/ro\/wp-json\/wp\/v2\/product_brand?post=2209"},{"taxonomy":"product_cat","embeddable":true,"href":"https:\/\/azur-tek.md\/ro\/wp-json\/wp\/v2\/product_cat?post=2209"},{"taxonomy":"product_tag","embeddable":true,"href":"https:\/\/azur-tek.md\/ro\/wp-json\/wp\/v2\/product_tag?post=2209"}],"curies":[{"name":"wp","href":"https:\/\/api.w.org\/{rel}","templated":true}]}}