{"id":2343,"date":"2025-03-27T10:25:51","date_gmt":"2025-03-27T08:25:51","guid":{"rendered":"https:\/\/azur-tek.md\/?post_type=product&#038;p=2343"},"modified":"2025-04-05T23:06:58","modified_gmt":"2025-04-05T20:06:58","slug":"stand-01","status":"publish","type":"product","link":"https:\/\/azur-tek.md\/ro\/product\/stand-01\/","title":{"rendered":"Stand\/Suport bro\u0219uri, reviste, cataloage cu 5 buzunare format A4"},"content":{"rendered":"<p>Acest suport sau raft pentru reviste este perfect pentru expozi\u021bii comerciale, evenimente expozi\u021bionale \u0219i magazine. Poate fi ambalat \u0219i transportat cu u\u0219urin\u021b\u0103 dintr-o loca\u021bie \u00een alta, ceea ce \u00eel face o alegere excelent\u0103 pentru companiile aflate \u00een mi\u0219care.<\/p>\n<p><strong>Specifica\u021bii tehnice<\/strong><br \/>\u2013 Mecanism pliabil u\u0219or de utilizat;<br \/>\u2013 Vizibilitate bun\u0103 pentru toate pliantele;<br \/>\u2013 Pentru pliante si brosuri \u00een format A4;<br \/>\u2013 Num\u0103r buzunare : 5;<br \/>\u2013 Adancime \u2013 30 mm;<br \/>\u2013 Lemn de calitate superioar\u0103, placaj;<br \/>\u2013 F\u0103r\u0103 geanta transport;<br \/>\u2013 Greutate: 5 kg;<br \/>\u2013 H max \u2013 1440 mm.<\/p>\n","protected":false},"excerpt":{"rendered":"<p>Acest suport sau raft pentru reviste este perfect pentru expozi\u021bii comerciale, evenimente expozi\u021bionale \u0219i magazine. Poate fi ambalat \u0219i transportat cu u\u0219urin\u021b\u0103 dintr-o loca\u021bie \u00een alta, ceea ce \u00eel face o alegere excelent\u0103 pentru companiile aflate \u00een mi\u0219care. Specifica\u021bii tehnice\u2013 Mecanism pliabil u\u0219or de utilizat;\u2013 Vizibilitate bun\u0103 pentru toate pliantele;\u2013 Pentru pliante si brosuri \u00een [&hellip;]<\/p>\n","protected":false},"featured_media":2344,"template":"","meta":{"om_disable_all_campaigns":false,"_monsterinsights_skip_tracking":false,"_monsterinsights_sitenote_active":false,"_monsterinsights_sitenote_note":"","_monsterinsights_sitenote_category":0,"site-container-style":"default","site-container-layout":"default","site-sidebar-layout":"default","site-transparent-header":"default","disable-article-header":"default","disable-site-header":"default","disable-site-footer":"default","disable-content-area-spacing":"default"},"product_brand":[],"product_cat":[53],"product_tag":[],"class_list":{"0":"post-2343","1":"product","2":"type-product","3":"status-publish","4":"has-post-thumbnail","6":"product_cat-furniture","8":"first","9":"instock","10":"shipping-taxable","11":"purchasable","12":"product-type-simple"},"aioseo_notices":[],"_links":{"self":[{"href":"https:\/\/azur-tek.md\/ro\/wp-json\/wp\/v2\/product\/2343","targetHints":{"allow":["GET"]}}],"collection":[{"href":"https:\/\/azur-tek.md\/ro\/wp-json\/wp\/v2\/product"}],"about":[{"href":"https:\/\/azur-tek.md\/ro\/wp-json\/wp\/v2\/types\/product"}],"wp:featuredmedia":[{"embeddable":true,"href":"https:\/\/azur-tek.md\/ro\/wp-json\/wp\/v2\/media\/2344"}],"wp:attachment":[{"href":"https:\/\/azur-tek.md\/ro\/wp-json\/wp\/v2\/media?parent=2343"}],"wp:term":[{"taxonomy":"product_brand","embeddable":true,"href":"https:\/\/azur-tek.md\/ro\/wp-json\/wp\/v2\/product_brand?post=2343"},{"taxonomy":"product_cat","embeddable":true,"href":"https:\/\/azur-tek.md\/ro\/wp-json\/wp\/v2\/product_cat?post=2343"},{"taxonomy":"product_tag","embeddable":true,"href":"https:\/\/azur-tek.md\/ro\/wp-json\/wp\/v2\/product_tag?post=2343"}],"curies":[{"name":"wp","href":"https:\/\/api.w.org\/{rel}","templated":true}]}}