{"id":2346,"date":"2025-04-02T21:53:35","date_gmt":"2025-04-02T18:53:35","guid":{"rendered":"https:\/\/azur-tek.md\/?post_type=product&#038;p=2346"},"modified":"2025-04-03T22:55:39","modified_gmt":"2025-04-03T19:55:39","slug":"egg-puzzle","status":"publish","type":"product","link":"https:\/\/azur-tek.md\/ro\/product\/egg-puzzle\/","title":{"rendered":"Puzzle Ou din lemn &#8211; 3D"},"content":{"rendered":"<p>Acest puzzle japonez cu ou\u0103 este alc\u0103tuit din 12 piese din lemn lucrat manual. Toate piesele formeaz\u0103 o provocare \u00een \u200b\u200basamblarea ou-lui. Po\u021bi g\u0103si solu\u021bia? Iat\u0103 un indiciu: G\u0103si\u021bi cheia \u0219i memorizati\u00a0fiecare miscare \ud83d\ude42 Cadoul perfect pentru oricine iube\u0219te provocarea puzzle-urilor 3D. Va intrig\u0103 at\u00e2t copiii, c\u00e2t \u0219i adul\u021bii, iar designul s\u0103u asigur\u0103 c\u0103 oul de lemn va ar\u0103ta frumos \u00een interiorul camerei tale timp de mul\u021bi ani.<\/p>\n","protected":false},"excerpt":{"rendered":"<p>Acest puzzle japonez cu ou\u0103 este alc\u0103tuit din 12 piese din lemn lucrat manual. Toate piesele formeaz\u0103 o provocare \u00een \u200b\u200basamblarea ou-lui. Po\u021bi g\u0103si solu\u021bia? Iat\u0103 un indiciu: G\u0103si\u021bi cheia \u0219i memorizati\u00a0fiecare miscare \ud83d\ude42 Cadoul perfect pentru oricine iube\u0219te provocarea puzzle-urilor 3D. Va intrig\u0103 at\u00e2t copiii, c\u00e2t \u0219i adul\u021bii, iar designul s\u0103u asigur\u0103 c\u0103 oul [&hellip;]<\/p>\n","protected":false},"featured_media":2349,"template":"","meta":{"om_disable_all_campaigns":false,"_monsterinsights_skip_tracking":false,"_monsterinsights_sitenote_active":false,"_monsterinsights_sitenote_note":"","_monsterinsights_sitenote_category":0,"site-container-style":"default","site-container-layout":"default","site-sidebar-layout":"default","site-transparent-header":"default","disable-article-header":"default","disable-site-header":"default","disable-site-footer":"default","disable-content-area-spacing":"default"},"product_brand":[],"product_cat":[31],"product_tag":[],"class_list":{"0":"post-2346","1":"product","2":"type-product","3":"status-publish","4":"has-post-thumbnail","6":"product_cat-toys","8":"first","9":"instock","10":"shipping-taxable","11":"purchasable","12":"product-type-simple"},"aioseo_notices":[],"_links":{"self":[{"href":"https:\/\/azur-tek.md\/ro\/wp-json\/wp\/v2\/product\/2346","targetHints":{"allow":["GET"]}}],"collection":[{"href":"https:\/\/azur-tek.md\/ro\/wp-json\/wp\/v2\/product"}],"about":[{"href":"https:\/\/azur-tek.md\/ro\/wp-json\/wp\/v2\/types\/product"}],"wp:featuredmedia":[{"embeddable":true,"href":"https:\/\/azur-tek.md\/ro\/wp-json\/wp\/v2\/media\/2349"}],"wp:attachment":[{"href":"https:\/\/azur-tek.md\/ro\/wp-json\/wp\/v2\/media?parent=2346"}],"wp:term":[{"taxonomy":"product_brand","embeddable":true,"href":"https:\/\/azur-tek.md\/ro\/wp-json\/wp\/v2\/product_brand?post=2346"},{"taxonomy":"product_cat","embeddable":true,"href":"https:\/\/azur-tek.md\/ro\/wp-json\/wp\/v2\/product_cat?post=2346"},{"taxonomy":"product_tag","embeddable":true,"href":"https:\/\/azur-tek.md\/ro\/wp-json\/wp\/v2\/product_tag?post=2346"}],"curies":[{"name":"wp","href":"https:\/\/api.w.org\/{rel}","templated":true}]}}